{"id":10978,"date":"2025-11-24T16:37:28","date_gmt":"2025-11-24T15:37:28","guid":{"rendered":"https:\/\/www.skyfish.com\/?page_id=10978"},"modified":"2025-12-01T13:28:05","modified_gmt":"2025-12-01T12:28:05","slug":"vorlagen","status":"publish","type":"page","link":"https:\/\/www.skyfish.com\/de\/hilfecenter\/help-center-fuer-consent-management\/vorlagen","title":{"rendered":"Vorlagen"},"content":{"rendered":"\t\t<div data-elementor-type=\"wp-post\" data-elementor-id=\"10978\" class=\"elementor elementor-10978 elementor-10976\" data-elementor-post-type=\"page\">\n\t\t\t\t<div class=\"elementor-element elementor-element-47e38e3 e-flex e-con-boxed e-con e-parent\" data-id=\"47e38e3\" data-element_type=\"container\" data-e-type=\"container\" data-settings=\"{&quot;jet_parallax_layout_list&quot;:[]}\">\n\t\t\t\t\t<div class=\"e-con-inner\">\n\t\t\t\t<div class=\"elementor-element elementor-element-f532fd8 elementor-widget elementor-widget-heading\" data-id=\"f532fd8\" data-element_type=\"widget\" data-e-type=\"widget\" data-widget_type=\"heading.default\">\n\t\t\t\t\t<h1 class=\"elementor-heading-title elementor-size-default\">Vorlagen<\/h1>\t\t\t\t<\/div>\n\t\t\t\t\t<\/div>\n\t\t\t\t<\/div>\n\t\t<div class=\"elementor-element elementor-element-346dfca e-flex e-con-boxed e-con e-parent\" data-id=\"346dfca\" data-element_type=\"container\" data-e-type=\"container\" data-settings=\"{&quot;jet_parallax_layout_list&quot;:[]}\">\n\t\t\t\t\t<div class=\"e-con-inner\">\n\t\t<div class=\"elementor-element elementor-element-66472b5 e-con-full e-flex e-con e-child\" data-id=\"66472b5\" data-element_type=\"container\" data-e-type=\"container\" data-settings=\"{&quot;jet_parallax_layout_list&quot;:[]}\">\n\t\t<div class=\"elementor-element elementor-element-21e1214 e-con-full e-flex e-con e-child\" data-id=\"21e1214\" data-element_type=\"container\" data-e-type=\"container\" data-settings=\"{&quot;jet_parallax_layout_list&quot;:[]}\">\n\t\t<div class=\"elementor-element elementor-element-3c0d5a1 e-con-full e-flex e-con e-child\" data-id=\"3c0d5a1\" data-element_type=\"container\" data-e-type=\"container\" data-settings=\"{&quot;jet_parallax_layout_list&quot;:[]}\">\n\t\t<div class=\"elementor-element elementor-element-df54800 e-con-full e-flex e-con e-child\" data-id=\"df54800\" data-element_type=\"container\" data-e-type=\"container\" data-settings=\"{&quot;jet_parallax_layout_list&quot;:[],&quot;background_background&quot;:&quot;classic&quot;}\">\n\t\t<div class=\"elementor-element elementor-element-054c4c5 e-con-full e-flex e-con e-child\" data-id=\"054c4c5\" data-element_type=\"container\" data-e-type=\"container\" data-settings=\"{&quot;jet_parallax_layout_list&quot;:[]}\">\n\t\t\t\t<div class=\"elementor-element elementor-element-19ea8d8 elementor-widget elementor-widget-heading\" data-id=\"19ea8d8\" data-element_type=\"widget\" data-e-type=\"widget\" data-widget_type=\"heading.default\">\n\t\t\t\t\t<h2 class=\"elementor-heading-title elementor-size-default\">Was ist die \u201eVorlagengalerie\u201c?<\/h2>\t\t\t\t<\/div>\n\t\t\t\t<div class=\"elementor-element elementor-element-11c5f81 elementor-view-default elementor-position-block-start elementor-mobile-position-block-start elementor-widget elementor-widget-icon-box\" data-id=\"11c5f81\" data-element_type=\"widget\" data-e-type=\"widget\" data-widget_type=\"icon-box.default\">\n\t\t\t\t\t\t\t<div class=\"elementor-icon-box-wrapper\">\n\n\t\t\t\t\t\t<div class=\"elementor-icon-box-icon\">\n\t\t\t\t<a href=\"\/de\/?page_id=11240\" class=\"elementor-icon\" tabindex=\"-1\">\n\t\t\t\t<svg xmlns=\"http:\/\/www.w3.org\/2000\/svg\" width=\"129\" height=\"129\" viewBox=\"0 0 129 129\" fill=\"none\"><path d=\"M64.5 86L86 64.5M86 64.5L64.5 43M86 64.5H43M118.25 64.5C118.25 94.1853 94.1853 118.25 64.5 118.25C34.8147 118.25 10.75 94.1853 10.75 64.5C10.75 34.8147 34.8147 10.75 64.5 10.75C94.1853 10.75 118.25 34.8147 118.25 64.5Z\" stroke=\"#0066FF\" stroke-width=\"10.75\" stroke-linecap=\"round\" stroke-linejoin=\"round\"><\/path><\/svg>\t\t\t\t<\/a>\n\t\t\t<\/div>\n\t\t\t\n\t\t\t\n\t\t<\/div>\n\t\t\t\t\t\t<\/div>\n\t\t\t\t<\/div>\n\t\t\t\t<\/div>\n\t\t\t\t<\/div>\n\t\t<div class=\"elementor-element elementor-element-2ae1ec7 e-con-full e-flex e-con e-child\" data-id=\"2ae1ec7\" data-element_type=\"container\" data-e-type=\"container\" data-settings=\"{&quot;jet_parallax_layout_list&quot;:[]}\">\n\t\t\t\t<div class=\"elementor-element elementor-element-2c8cee1 elementor-widget-divider--view-line elementor-widget elementor-widget-divider\" data-id=\"2c8cee1\" data-element_type=\"widget\" data-e-type=\"widget\" data-widget_type=\"divider.default\">\n\t\t\t\t\t\t\t<div class=\"elementor-divider\">\n\t\t\t<span class=\"elementor-divider-separator\">\n\t\t\t\t\t\t<\/span>\n\t\t<\/div>\n\t\t\t\t\t\t<\/div>\n\t\t\t\t<\/div>\n\t\t<div class=\"elementor-element elementor-element-ac68dbc e-con-full e-flex e-con e-child\" data-id=\"ac68dbc\" data-element_type=\"container\" data-e-type=\"container\" data-settings=\"{&quot;jet_parallax_layout_list&quot;:[],&quot;background_background&quot;:&quot;classic&quot;}\">\n\t\t<div class=\"elementor-element elementor-element-d3ded1b e-con-full e-flex e-con e-child\" data-id=\"d3ded1b\" data-element_type=\"container\" data-e-type=\"container\" data-settings=\"{&quot;jet_parallax_layout_list&quot;:[]}\">\n\t\t\t\t<div class=\"elementor-element elementor-element-1b1f7ac elementor-widget elementor-widget-heading\" data-id=\"1b1f7ac\" data-element_type=\"widget\" data-e-type=\"widget\" data-widget_type=\"heading.default\">\n\t\t\t\t\t<h2 class=\"elementor-heading-title elementor-size-default\">Wie man Vorlagen erstellt<\/h2>\t\t\t\t<\/div>\n\t\t\t\t<div class=\"elementor-element elementor-element-d0ec3d8 elementor-view-default elementor-position-block-start elementor-mobile-position-block-start elementor-widget elementor-widget-icon-box\" data-id=\"d0ec3d8\" data-element_type=\"widget\" data-e-type=\"widget\" data-widget_type=\"icon-box.default\">\n\t\t\t\t\t\t\t<div class=\"elementor-icon-box-wrapper\">\n\n\t\t\t\t\t\t<div class=\"elementor-icon-box-icon\">\n\t\t\t\t<a href=\"\/de\/?page_id=11252\" class=\"elementor-icon\" tabindex=\"-1\">\n\t\t\t\t<svg xmlns=\"http:\/\/www.w3.org\/2000\/svg\" width=\"129\" height=\"129\" viewBox=\"0 0 129 129\" fill=\"none\"><path d=\"M64.5 86L86 64.5M86 64.5L64.5 43M86 64.5H43M118.25 64.5C118.25 94.1853 94.1853 118.25 64.5 118.25C34.8147 118.25 10.75 94.1853 10.75 64.5C10.75 34.8147 34.8147 10.75 64.5 10.75C94.1853 10.75 118.25 34.8147 118.25 64.5Z\" stroke=\"#0066FF\" stroke-width=\"10.75\" stroke-linecap=\"round\" stroke-linejoin=\"round\"><\/path><\/svg>\t\t\t\t<\/a>\n\t\t\t<\/div>\n\t\t\t\n\t\t\t\n\t\t<\/div>\n\t\t\t\t\t\t<\/div>\n\t\t\t\t<\/div>\n\t\t\t\t<\/div>\n\t\t<div class=\"elementor-element elementor-element-53993df e-con-full e-flex e-con e-child\" data-id=\"53993df\" data-element_type=\"container\" data-e-type=\"container\" data-settings=\"{&quot;jet_parallax_layout_list&quot;:[]}\">\n\t\t\t\t<div class=\"elementor-element elementor-element-f669c62 elementor-widget-divider--view-line elementor-widget elementor-widget-divider\" data-id=\"f669c62\" data-element_type=\"widget\" data-e-type=\"widget\" data-widget_type=\"divider.default\">\n\t\t\t\t\t\t\t<div class=\"elementor-divider\">\n\t\t\t<span class=\"elementor-divider-separator\">\n\t\t\t\t\t\t<\/span>\n\t\t<\/div>\n\t\t\t\t\t\t<\/div>\n\t\t\t\t<\/div>\n\t\t<div class=\"elementor-element elementor-element-284c59b e-con-full e-flex e-con e-child\" data-id=\"284c59b\" data-element_type=\"container\" data-e-type=\"container\" data-settings=\"{&quot;jet_parallax_layout_list&quot;:[],&quot;background_background&quot;:&quot;classic&quot;}\">\n\t\t<div class=\"elementor-element elementor-element-27ebe11 e-con-full e-flex e-con e-child\" data-id=\"27ebe11\" data-element_type=\"container\" data-e-type=\"container\" data-settings=\"{&quot;jet_parallax_layout_list&quot;:[]}\">\n\t\t\t\t<div class=\"elementor-element elementor-element-9442293 elementor-widget elementor-widget-heading\" data-id=\"9442293\" data-element_type=\"widget\" data-e-type=\"widget\" data-widget_type=\"heading.default\">\n\t\t\t\t\t<h2 class=\"elementor-heading-title elementor-size-default\">Wie Smart Tags funktionieren<\/h2>\t\t\t\t<\/div>\n\t\t\t\t<div class=\"elementor-element elementor-element-5645966 elementor-view-default elementor-position-block-start elementor-mobile-position-block-start elementor-widget elementor-widget-icon-box\" data-id=\"5645966\" data-element_type=\"widget\" data-e-type=\"widget\" data-widget_type=\"icon-box.default\">\n\t\t\t\t\t\t\t<div class=\"elementor-icon-box-wrapper\">\n\n\t\t\t\t\t\t<div class=\"elementor-icon-box-icon\">\n\t\t\t\t<a href=\"\/de\/?page_id=11261\" class=\"elementor-icon\" tabindex=\"-1\">\n\t\t\t\t<svg xmlns=\"http:\/\/www.w3.org\/2000\/svg\" width=\"129\" height=\"129\" viewBox=\"0 0 129 129\" fill=\"none\"><path d=\"M64.5 86L86 64.5M86 64.5L64.5 43M86 64.5H43M118.25 64.5C118.25 94.1853 94.1853 118.25 64.5 118.25C34.8147 118.25 10.75 94.1853 10.75 64.5C10.75 34.8147 34.8147 10.75 64.5 10.75C94.1853 10.75 118.25 34.8147 118.25 64.5Z\" stroke=\"#0066FF\" stroke-width=\"10.75\" stroke-linecap=\"round\" stroke-linejoin=\"round\"><\/path><\/svg>\t\t\t\t<\/a>\n\t\t\t<\/div>\n\t\t\t\n\t\t\t\n\t\t<\/div>\n\t\t\t\t\t\t<\/div>\n\t\t\t\t<\/div>\n\t\t\t\t<\/div>\n\t\t<div class=\"elementor-element elementor-element-afbe490 e-con-full e-flex e-con e-child\" data-id=\"afbe490\" data-element_type=\"container\" data-e-type=\"container\" data-settings=\"{&quot;jet_parallax_layout_list&quot;:[]}\">\n\t\t\t\t<div class=\"elementor-element elementor-element-a761a04 elementor-widget-divider--view-line elementor-widget elementor-widget-divider\" data-id=\"a761a04\" data-element_type=\"widget\" data-e-type=\"widget\" data-widget_type=\"divider.default\">\n\t\t\t\t\t\t\t<div class=\"elementor-divider\">\n\t\t\t<span class=\"elementor-divider-separator\">\n\t\t\t\t\t\t<\/span>\n\t\t<\/div>\n\t\t\t\t\t\t<\/div>\n\t\t\t\t<\/div>\n\t\t<div class=\"elementor-element elementor-element-f9121de e-con-full e-flex e-con e-child\" data-id=\"f9121de\" data-element_type=\"container\" data-e-type=\"container\" data-settings=\"{&quot;jet_parallax_layout_list&quot;:[],&quot;background_background&quot;:&quot;classic&quot;}\">\n\t\t<div class=\"elementor-element elementor-element-58a88f3 e-con-full e-flex e-con e-child\" data-id=\"58a88f3\" data-element_type=\"container\" data-e-type=\"container\" data-settings=\"{&quot;jet_parallax_layout_list&quot;:[]}\">\n\t\t\t\t<div class=\"elementor-element elementor-element-94936c6 elementor-widget elementor-widget-heading\" data-id=\"94936c6\" data-element_type=\"widget\" data-e-type=\"widget\" data-widget_type=\"heading.default\">\n\t\t\t\t\t<h2 class=\"elementor-heading-title elementor-size-default\">DSGVO-Anforderungen f\u00fcr die Erstellung einer rechtsg\u00fcltigen Einwilligung<\/h2>\t\t\t\t<\/div>\n\t\t\t\t<div class=\"elementor-element elementor-element-d108769 elementor-view-default elementor-position-block-start elementor-mobile-position-block-start elementor-widget elementor-widget-icon-box\" data-id=\"d108769\" data-element_type=\"widget\" data-e-type=\"widget\" data-widget_type=\"icon-box.default\">\n\t\t\t\t\t\t\t<div class=\"elementor-icon-box-wrapper\">\n\n\t\t\t\t\t\t<div class=\"elementor-icon-box-icon\">\n\t\t\t\t<a href=\"\/de\/?page_id=11295\" class=\"elementor-icon\" tabindex=\"-1\">\n\t\t\t\t<svg xmlns=\"http:\/\/www.w3.org\/2000\/svg\" width=\"129\" height=\"129\" viewBox=\"0 0 129 129\" fill=\"none\"><path d=\"M64.5 86L86 64.5M86 64.5L64.5 43M86 64.5H43M118.25 64.5C118.25 94.1853 94.1853 118.25 64.5 118.25C34.8147 118.25 10.75 94.1853 10.75 64.5C10.75 34.8147 34.8147 10.75 64.5 10.75C94.1853 10.75 118.25 34.8147 118.25 64.5Z\" stroke=\"#0066FF\" stroke-width=\"10.75\" stroke-linecap=\"round\" stroke-linejoin=\"round\"><\/path><\/svg>\t\t\t\t<\/a>\n\t\t\t<\/div>\n\t\t\t\n\t\t\t\n\t\t<\/div>\n\t\t\t\t\t\t<\/div>\n\t\t\t\t<\/div>\n\t\t\t\t<\/div>\n\t\t<div class=\"elementor-element elementor-element-83c325c e-con-full e-flex e-con e-child\" data-id=\"83c325c\" data-element_type=\"container\" data-e-type=\"container\" data-settings=\"{&quot;jet_parallax_layout_list&quot;:[]}\">\n\t\t\t\t<div class=\"elementor-element elementor-element-872822b elementor-widget-divider--view-line elementor-widget elementor-widget-divider\" data-id=\"872822b\" data-element_type=\"widget\" data-e-type=\"widget\" data-widget_type=\"divider.default\">\n\t\t\t\t\t\t\t<div class=\"elementor-divider\">\n\t\t\t<span class=\"elementor-divider-separator\">\n\t\t\t\t\t\t<\/span>\n\t\t<\/div>\n\t\t\t\t\t\t<\/div>\n\t\t\t\t<\/div>\n\t\t<div class=\"elementor-element elementor-element-a18c7e9 e-con-full e-flex e-con e-child\" data-id=\"a18c7e9\" data-element_type=\"container\" data-e-type=\"container\" data-settings=\"{&quot;jet_parallax_layout_list&quot;:[],&quot;background_background&quot;:&quot;classic&quot;}\">\n\t\t<div class=\"elementor-element elementor-element-553eb74 e-con-full e-flex e-con e-child\" data-id=\"553eb74\" data-element_type=\"container\" data-e-type=\"container\" data-settings=\"{&quot;jet_parallax_layout_list&quot;:[]}\">\n\t\t\t\t<div class=\"elementor-element elementor-element-12e147c elementor-widget elementor-widget-heading\" data-id=\"12e147c\" data-element_type=\"widget\" data-e-type=\"widget\" data-widget_type=\"heading.default\">\n\t\t\t\t\t<h2 class=\"elementor-heading-title elementor-size-default\">Eigene Datenschutzerkl\u00e4rung hinzuf\u00fcgen<\/h2>\t\t\t\t<\/div>\n\t\t\t\t<div class=\"elementor-element elementor-element-f346ca5 elementor-view-default elementor-position-block-start elementor-mobile-position-block-start elementor-widget elementor-widget-icon-box\" data-id=\"f346ca5\" data-element_type=\"widget\" data-e-type=\"widget\" data-widget_type=\"icon-box.default\">\n\t\t\t\t\t\t\t<div class=\"elementor-icon-box-wrapper\">\n\n\t\t\t\t\t\t<div class=\"elementor-icon-box-icon\">\n\t\t\t\t<a href=\"\/de\/?page_id=11313\" class=\"elementor-icon\" tabindex=\"-1\">\n\t\t\t\t<svg xmlns=\"http:\/\/www.w3.org\/2000\/svg\" width=\"129\" height=\"129\" viewBox=\"0 0 129 129\" fill=\"none\"><path d=\"M64.5 86L86 64.5M86 64.5L64.5 43M86 64.5H43M118.25 64.5C118.25 94.1853 94.1853 118.25 64.5 118.25C34.8147 118.25 10.75 94.1853 10.75 64.5C10.75 34.8147 34.8147 10.75 64.5 10.75C94.1853 10.75 118.25 34.8147 118.25 64.5Z\" stroke=\"#0066FF\" stroke-width=\"10.75\" stroke-linecap=\"round\" stroke-linejoin=\"round\"><\/path><\/svg>\t\t\t\t<\/a>\n\t\t\t<\/div>\n\t\t\t\n\t\t\t\n\t\t<\/div>\n\t\t\t\t\t\t<\/div>\n\t\t\t\t<\/div>\n\t\t\t\t<\/div>\n\t\t<div class=\"elementor-element elementor-element-ef524d7 e-con-full e-flex e-con e-child\" data-id=\"ef524d7\" data-element_type=\"container\" data-e-type=\"container\" data-settings=\"{&quot;jet_parallax_layout_list&quot;:[]}\">\n\t\t\t\t<div class=\"elementor-element elementor-element-185525d elementor-widget-divider--view-line elementor-widget elementor-widget-divider\" data-id=\"185525d\" data-element_type=\"widget\" data-e-type=\"widget\" data-widget_type=\"divider.default\">\n\t\t\t\t\t\t\t<div class=\"elementor-divider\">\n\t\t\t<span class=\"elementor-divider-separator\">\n\t\t\t\t\t\t<\/span>\n\t\t<\/div>\n\t\t\t\t\t\t<\/div>\n\t\t\t\t<\/div>\n\t\t<div class=\"elementor-element elementor-element-5ee0827 e-con-full e-flex e-con e-child\" data-id=\"5ee0827\" data-element_type=\"container\" data-e-type=\"container\" data-settings=\"{&quot;jet_parallax_layout_list&quot;:[],&quot;background_background&quot;:&quot;classic&quot;}\">\n\t\t<div class=\"elementor-element elementor-element-2aba384 e-con-full e-flex e-con e-child\" data-id=\"2aba384\" data-element_type=\"container\" data-e-type=\"container\" data-settings=\"{&quot;jet_parallax_layout_list&quot;:[]}\">\n\t\t\t\t<div class=\"elementor-element elementor-element-bbd7b19 elementor-widget elementor-widget-heading\" data-id=\"bbd7b19\" data-element_type=\"widget\" data-e-type=\"widget\" data-widget_type=\"heading.default\">\n\t\t\t\t\t<h2 class=\"elementor-heading-title elementor-size-default\">Eigenes Firmenlogo hinzuf\u00fcgen<\/h2>\t\t\t\t<\/div>\n\t\t\t\t<div class=\"elementor-element elementor-element-937ae37 elementor-view-default elementor-position-block-start elementor-mobile-position-block-start elementor-widget elementor-widget-icon-box\" data-id=\"937ae37\" data-element_type=\"widget\" data-e-type=\"widget\" data-widget_type=\"icon-box.default\">\n\t\t\t\t\t\t\t<div class=\"elementor-icon-box-wrapper\">\n\n\t\t\t\t\t\t<div class=\"elementor-icon-box-icon\">\n\t\t\t\t<a href=\"\/de\/?page_id=11326\" class=\"elementor-icon\" tabindex=\"-1\">\n\t\t\t\t<svg xmlns=\"http:\/\/www.w3.org\/2000\/svg\" width=\"129\" height=\"129\" viewBox=\"0 0 129 129\" fill=\"none\"><path d=\"M64.5 86L86 64.5M86 64.5L64.5 43M86 64.5H43M118.25 64.5C118.25 94.1853 94.1853 118.25 64.5 118.25C34.8147 118.25 10.75 94.1853 10.75 64.5C10.75 34.8147 34.8147 10.75 64.5 10.75C94.1853 10.75 118.25 34.8147 118.25 64.5Z\" stroke=\"#0066FF\" stroke-width=\"10.75\" stroke-linecap=\"round\" stroke-linejoin=\"round\"><\/path><\/svg>\t\t\t\t<\/a>\n\t\t\t<\/div>\n\t\t\t\n\t\t\t\n\t\t<\/div>\n\t\t\t\t\t\t<\/div>\n\t\t\t\t<\/div>\n\t\t\t\t<\/div>\n\t\t\t\t<\/div>\n\t\t\t\t<\/div>\n\t\t\t\t\t<\/div>\n\t\t\t\t<\/div>\n\t\t\t\t<\/div>\n\t\t","protected":false},"excerpt":{"rendered":"<p>Vorlagen Was ist die \u201eVorlagengalerie\u201c? Wie man Vorlagen erstellt Wie Smart Tags funktionieren DSGVO-Anforderungen f\u00fcr die Erstellung einer rechtsg\u00fcltigen Einwilligung Eigene Datenschutzerkl\u00e4rung hinzuf\u00fcgen Eigenes Firmenlogo hinzuf\u00fcgen<\/p>\n","protected":false},"author":7,"featured_media":0,"parent":10677,"menu_order":0,"comment_status":"open","ping_status":"closed","template":"","meta":{"inline_featured_image":false,"footnotes":""},"class_list":["post-10978","page","type-page","status-publish","hentry"],"yoast_head":"<!-- This site is optimized with the Yoast SEO plugin v27.5 - https:\/\/yoast.com\/product\/yoast-seo-wordpress\/ -->\n<title>Vorlagen f\u00fcr digitale Einwilligungen | Erstellen und anpassen<\/title>\n<meta name=\"description\" content=\"Erfahren Sie, wie Vorlagen in Skyfish funktionieren \u2013 von der Nutzung der Vorlagengalerie \u00fcber Smart-Tags bis zur Einbindung Ihrer Datenschutzerkl\u00e4rung und Erf\u00fcllung der DSGVO-Anforderungen.\" \/>\n<meta name=\"robots\" content=\"index, follow, max-snippet:-1, max-image-preview:large, max-video-preview:-1\" \/>\n<link rel=\"canonical\" href=\"https:\/\/www.skyfish.com\/de\/hilfecenter\/help-center-fuer-consent-management\/vorlagen\" \/>\n<meta property=\"og:locale\" content=\"de_DE\" \/>\n<meta property=\"og:type\" content=\"article\" \/>\n<meta property=\"og:title\" content=\"Vorlagen f\u00fcr digitale Einwilligungen | Erstellen und anpassen\" \/>\n<meta property=\"og:description\" content=\"Erfahren Sie, wie Vorlagen in Skyfish funktionieren \u2013 von der Nutzung der Vorlagengalerie \u00fcber Smart-Tags bis zur Einbindung Ihrer Datenschutzerkl\u00e4rung und Erf\u00fcllung der DSGVO-Anforderungen.\" \/>\n<meta property=\"og:url\" content=\"https:\/\/www.skyfish.com\/de\/hilfecenter\/help-center-fuer-consent-management\/vorlagen\" \/>\n<meta property=\"og:site_name\" content=\"Skyfish\" \/>\n<meta property=\"article:modified_time\" content=\"2025-12-01T12:28:05+00:00\" \/>\n<meta name=\"twitter:card\" content=\"summary_large_image\" \/>\n<meta name=\"twitter:label1\" content=\"Gesch\u00e4tzte Lesezeit\" \/>\n\t<meta name=\"twitter:data1\" content=\"1\u00a0Minute\" \/>\n<script type=\"application\/ld+json\" class=\"yoast-schema-graph\">{\"@context\":\"https:\\\/\\\/schema.org\",\"@graph\":[{\"@type\":\"WebPage\",\"@id\":\"https:\\\/\\\/www.skyfish.com\\\/de\\\/hilfecenter\\\/help-center-fuer-consent-management\\\/vorlagen\",\"url\":\"https:\\\/\\\/www.skyfish.com\\\/de\\\/hilfecenter\\\/help-center-fuer-consent-management\\\/vorlagen\",\"name\":\"Vorlagen f\u00fcr digitale Einwilligungen | Erstellen und anpassen\",\"isPartOf\":{\"@id\":\"https:\\\/\\\/www.skyfish.com\\\/de#website\"},\"datePublished\":\"2025-11-24T15:37:28+00:00\",\"dateModified\":\"2025-12-01T12:28:05+00:00\",\"description\":\"Erfahren Sie, wie Vorlagen in Skyfish funktionieren \u2013 von der Nutzung der Vorlagengalerie \u00fcber Smart-Tags bis zur Einbindung Ihrer Datenschutzerkl\u00e4rung und Erf\u00fcllung der DSGVO-Anforderungen.\",\"breadcrumb\":{\"@id\":\"https:\\\/\\\/www.skyfish.com\\\/de\\\/hilfecenter\\\/help-center-fuer-consent-management\\\/vorlagen#breadcrumb\"},\"inLanguage\":\"de\",\"potentialAction\":[{\"@type\":\"ReadAction\",\"target\":[\"https:\\\/\\\/www.skyfish.com\\\/de\\\/hilfecenter\\\/help-center-fuer-consent-management\\\/vorlagen\"]}]},{\"@type\":\"BreadcrumbList\",\"@id\":\"https:\\\/\\\/www.skyfish.com\\\/de\\\/hilfecenter\\\/help-center-fuer-consent-management\\\/vorlagen#breadcrumb\",\"itemListElement\":[{\"@type\":\"ListItem\",\"position\":1,\"name\":\"Homepage\",\"item\":\"https:\\\/\\\/www.skyfish.com\\\/de\"},{\"@type\":\"ListItem\",\"position\":2,\"name\":\"Hilfecenter\",\"item\":\"https:\\\/\\\/www.skyfish.com\\\/de\\\/hilfecenter\"},{\"@type\":\"ListItem\",\"position\":3,\"name\":\"Help Center f\u00fcr Consent Management\",\"item\":\"https:\\\/\\\/www.skyfish.com\\\/de\\\/hilfecenter\\\/help-center-fuer-consent-management\"},{\"@type\":\"ListItem\",\"position\":4,\"name\":\"Vorlagen\"}]},{\"@type\":\"WebSite\",\"@id\":\"https:\\\/\\\/www.skyfish.com\\\/de#website\",\"url\":\"https:\\\/\\\/www.skyfish.com\\\/de\",\"name\":\"Skyfish\",\"description\":\"Your image management solution of choise\",\"publisher\":{\"@id\":\"https:\\\/\\\/www.skyfish.com\\\/de#organization\"},\"potentialAction\":[{\"@type\":\"SearchAction\",\"target\":{\"@type\":\"EntryPoint\",\"urlTemplate\":\"https:\\\/\\\/www.skyfish.com\\\/de?s={search_term_string}\"},\"query-input\":{\"@type\":\"PropertyValueSpecification\",\"valueRequired\":true,\"valueName\":\"search_term_string\"}}],\"inLanguage\":\"de\"},{\"@type\":\"Organization\",\"@id\":\"https:\\\/\\\/www.skyfish.com\\\/de#organization\",\"name\":\"Skyfish\",\"url\":\"https:\\\/\\\/www.skyfish.com\\\/de\",\"logo\":{\"@type\":\"ImageObject\",\"inLanguage\":\"de\",\"@id\":\"https:\\\/\\\/www.skyfish.com\\\/de#\\\/schema\\\/logo\\\/image\\\/\",\"url\":\"\",\"contentUrl\":\"\",\"caption\":\"Skyfish\"},\"image\":{\"@id\":\"https:\\\/\\\/www.skyfish.com\\\/de#\\\/schema\\\/logo\\\/image\\\/\"}}]}<\/script>\n<!-- \/ Yoast SEO plugin. -->","yoast_head_json":{"title":"Vorlagen f\u00fcr digitale Einwilligungen | Erstellen und anpassen","description":"Erfahren Sie, wie Vorlagen in Skyfish funktionieren \u2013 von der Nutzung der Vorlagengalerie \u00fcber Smart-Tags bis zur Einbindung Ihrer Datenschutzerkl\u00e4rung und Erf\u00fcllung der DSGVO-Anforderungen.","robots":{"index":"index","follow":"follow","max-snippet":"max-snippet:-1","max-image-preview":"max-image-preview:large","max-video-preview":"max-video-preview:-1"},"canonical":"https:\/\/www.skyfish.com\/de\/hilfecenter\/help-center-fuer-consent-management\/vorlagen","og_locale":"de_DE","og_type":"article","og_title":"Vorlagen f\u00fcr digitale Einwilligungen | Erstellen und anpassen","og_description":"Erfahren Sie, wie Vorlagen in Skyfish funktionieren \u2013 von der Nutzung der Vorlagengalerie \u00fcber Smart-Tags bis zur Einbindung Ihrer Datenschutzerkl\u00e4rung und Erf\u00fcllung der DSGVO-Anforderungen.","og_url":"https:\/\/www.skyfish.com\/de\/hilfecenter\/help-center-fuer-consent-management\/vorlagen","og_site_name":"Skyfish","article_modified_time":"2025-12-01T12:28:05+00:00","twitter_card":"summary_large_image","twitter_misc":{"Gesch\u00e4tzte Lesezeit":"1\u00a0Minute"},"schema":{"@context":"https:\/\/schema.org","@graph":[{"@type":"WebPage","@id":"https:\/\/www.skyfish.com\/de\/hilfecenter\/help-center-fuer-consent-management\/vorlagen","url":"https:\/\/www.skyfish.com\/de\/hilfecenter\/help-center-fuer-consent-management\/vorlagen","name":"Vorlagen f\u00fcr digitale Einwilligungen | Erstellen und anpassen","isPartOf":{"@id":"https:\/\/www.skyfish.com\/de#website"},"datePublished":"2025-11-24T15:37:28+00:00","dateModified":"2025-12-01T12:28:05+00:00","description":"Erfahren Sie, wie Vorlagen in Skyfish funktionieren \u2013 von der Nutzung der Vorlagengalerie \u00fcber Smart-Tags bis zur Einbindung Ihrer Datenschutzerkl\u00e4rung und Erf\u00fcllung der DSGVO-Anforderungen.","breadcrumb":{"@id":"https:\/\/www.skyfish.com\/de\/hilfecenter\/help-center-fuer-consent-management\/vorlagen#breadcrumb"},"inLanguage":"de","potentialAction":[{"@type":"ReadAction","target":["https:\/\/www.skyfish.com\/de\/hilfecenter\/help-center-fuer-consent-management\/vorlagen"]}]},{"@type":"BreadcrumbList","@id":"https:\/\/www.skyfish.com\/de\/hilfecenter\/help-center-fuer-consent-management\/vorlagen#breadcrumb","itemListElement":[{"@type":"ListItem","position":1,"name":"Homepage","item":"https:\/\/www.skyfish.com\/de"},{"@type":"ListItem","position":2,"name":"Hilfecenter","item":"https:\/\/www.skyfish.com\/de\/hilfecenter"},{"@type":"ListItem","position":3,"name":"Help Center f\u00fcr Consent Management","item":"https:\/\/www.skyfish.com\/de\/hilfecenter\/help-center-fuer-consent-management"},{"@type":"ListItem","position":4,"name":"Vorlagen"}]},{"@type":"WebSite","@id":"https:\/\/www.skyfish.com\/de#website","url":"https:\/\/www.skyfish.com\/de","name":"Skyfish","description":"Your image management solution of choise","publisher":{"@id":"https:\/\/www.skyfish.com\/de#organization"},"potentialAction":[{"@type":"SearchAction","target":{"@type":"EntryPoint","urlTemplate":"https:\/\/www.skyfish.com\/de?s={search_term_string}"},"query-input":{"@type":"PropertyValueSpecification","valueRequired":true,"valueName":"search_term_string"}}],"inLanguage":"de"},{"@type":"Organization","@id":"https:\/\/www.skyfish.com\/de#organization","name":"Skyfish","url":"https:\/\/www.skyfish.com\/de","logo":{"@type":"ImageObject","inLanguage":"de","@id":"https:\/\/www.skyfish.com\/de#\/schema\/logo\/image\/","url":"","contentUrl":"","caption":"Skyfish"},"image":{"@id":"https:\/\/www.skyfish.com\/de#\/schema\/logo\/image\/"}}]}},"_links":{"self":[{"href":"https:\/\/www.skyfish.com\/de\/wp-json\/wp\/v2\/pages\/10978","targetHints":{"allow":["GET"]}}],"collection":[{"href":"https:\/\/www.skyfish.com\/de\/wp-json\/wp\/v2\/pages"}],"about":[{"href":"https:\/\/www.skyfish.com\/de\/wp-json\/wp\/v2\/types\/page"}],"author":[{"embeddable":true,"href":"https:\/\/www.skyfish.com\/de\/wp-json\/wp\/v2\/users\/7"}],"replies":[{"embeddable":true,"href":"https:\/\/www.skyfish.com\/de\/wp-json\/wp\/v2\/comments?post=10978"}],"version-history":[{"count":15,"href":"https:\/\/www.skyfish.com\/de\/wp-json\/wp\/v2\/pages\/10978\/revisions"}],"predecessor-version":[{"id":12313,"href":"https:\/\/www.skyfish.com\/de\/wp-json\/wp\/v2\/pages\/10978\/revisions\/12313"}],"up":[{"embeddable":true,"href":"https:\/\/www.skyfish.com\/de\/wp-json\/wp\/v2\/pages\/10677"}],"wp:attachment":[{"href":"https:\/\/www.skyfish.com\/de\/wp-json\/wp\/v2\/media?parent=10978"}],"curies":[{"name":"wp","href":"https:\/\/api.w.org\/{rel}","templated":true}]}}