{"id":6011,"date":"2025-09-08T12:58:53","date_gmt":"2025-09-08T10:58:53","guid":{"rendered":"https:\/\/www.skyfish.com\/?page_id=6011"},"modified":"2025-09-08T13:46:29","modified_gmt":"2025-09-08T11:46:29","slug":"digitaliseringsmessen-2025","status":"publish","type":"page","link":"https:\/\/www.skyfish.com\/da\/digitaliseringsmessen-2025","title":{"rendered":"M\u00f8d Skyfish p\u00e5 Digitaliseringsmessen 2025"},"content":{"rendered":"\t\t<div data-elementor-type=\"wp-page\" data-elementor-id=\"6011\" class=\"elementor elementor-6011 elementor-6010\" data-elementor-post-type=\"page\">\n\t\t\t\t<div class=\"elementor-element elementor-element-c404f3c e-flex e-con-boxed e-con e-parent\" data-id=\"c404f3c\" data-element_type=\"container\" data-e-type=\"container\" data-settings=\"{&quot;background_background&quot;:&quot;classic&quot;,&quot;jet_parallax_layout_list&quot;:[]}\">\n\t\t\t\t\t<div class=\"e-con-inner\">\n\t\t<div class=\"elementor-element elementor-element-7226689 e-con-full e-flex e-con e-child\" data-id=\"7226689\" data-element_type=\"container\" data-e-type=\"container\" data-settings=\"{&quot;background_background&quot;:&quot;classic&quot;,&quot;jet_parallax_layout_list&quot;:[]}\">\n\t\t\t\t<div class=\"elementor-element elementor-element-a756ae8 elementor-widget elementor-widget-image\" data-id=\"a756ae8\" data-element_type=\"widget\" data-e-type=\"widget\" data-widget_type=\"image.default\">\n\t\t\t\t\t\t\t\t\t\t\t\t\t\t\t<img decoding=\"async\" src=\"https:\/\/www.skyfish.com\/wp-content\/uploads\/2024\/05\/SF_Logo.svg\" title=\"SF Logo\" alt=\"SF Logo\" loading=\"lazy\" \/>\t\t\t\t\t\t\t\t\t\t\t\t\t\t\t<\/div>\n\t\t\t\t<div class=\"elementor-element elementor-element-11bbe82 elementor-widget elementor-widget-text-editor\" data-id=\"11bbe82\" data-element_type=\"widget\" data-e-type=\"widget\" data-widget_type=\"text-editor.default\">\n\t\t\t\t\t\t\t\t\t<p>Drevet af Colourbox<\/p>\n\t\t\t\t\t\t\t\t<\/div>\n\t\t\t\t<div class=\"elementor-element elementor-element-e36d577 elementor-widget elementor-widget-spacer\" data-id=\"e36d577\" data-element_type=\"widget\" data-e-type=\"widget\" data-widget_type=\"spacer.default\">\n\t\t\t\t\t\t\t<div class=\"elementor-spacer\">\n\t\t\t<div class=\"elementor-spacer-inner\"><\/div>\n\t\t<\/div>\n\t\t\t\t\t\t<\/div>\n\t\t\t\t<div class=\"elementor-element elementor-element-fbc3640 elementor-widget__width-initial elementor-hidden-tablet elementor-hidden-mobile_extra elementor-widget elementor-widget-heading\" data-id=\"fbc3640\" data-element_type=\"widget\" data-e-type=\"widget\" data-widget_type=\"heading.default\">\n\t\t\t\t\t<h2 class=\"elementor-heading-title elementor-size-default\">M\u00f8d os p\u00e5 Digitaliseringsmessen 2025<\/h2>\t\t\t\t<\/div>\n\t\t\t\t<div class=\"elementor-element elementor-element-d3498ad elementor-widget elementor-widget-spacer\" data-id=\"d3498ad\" data-element_type=\"widget\" data-e-type=\"widget\" data-widget_type=\"spacer.default\">\n\t\t\t\t\t\t\t<div class=\"elementor-spacer\">\n\t\t\t<div class=\"elementor-spacer-inner\"><\/div>\n\t\t<\/div>\n\t\t\t\t\t\t<\/div>\n\t\t\t\t<div class=\"elementor-element elementor-element-70c1614 elementor-widget elementor-widget-text-editor\" data-id=\"70c1614\" data-element_type=\"widget\" data-e-type=\"widget\" data-widget_type=\"text-editor.default\">\n\t\t\t\t\t\t\t\t\t<p><strong>Odense, 24. september<\/strong><\/p>\n\t\t\t\t\t\t\t\t<\/div>\n\t\t\t\t<\/div>\n\t\t\t\t\t<\/div>\n\t\t\t\t<\/div>\n\t\t<div class=\"elementor-element elementor-element-cecc8a7 e-flex e-con-boxed e-con e-parent\" data-id=\"cecc8a7\" data-element_type=\"container\" data-e-type=\"container\" data-settings=\"{&quot;jet_parallax_layout_list&quot;:[]}\">\n\t\t\t\t\t<div class=\"e-con-inner\">\n\t\t\t\t<div class=\"elementor-element elementor-element-da45fe4 elementor-widget elementor-widget-spacer\" data-id=\"da45fe4\" data-element_type=\"widget\" data-e-type=\"widget\" data-widget_type=\"spacer.default\">\n\t\t\t\t\t\t\t<div class=\"elementor-spacer\">\n\t\t\t<div class=\"elementor-spacer-inner\"><\/div>\n\t\t<\/div>\n\t\t\t\t\t\t<\/div>\n\t\t\t\t\t<\/div>\n\t\t\t\t<\/div>\n\t\t<div class=\"elementor-element elementor-element-1f01aa3 e-flex e-con-boxed e-con e-parent\" data-id=\"1f01aa3\" data-element_type=\"container\" data-e-type=\"container\" data-settings=\"{&quot;jet_parallax_layout_list&quot;:[]}\">\n\t\t\t\t\t<div class=\"e-con-inner\">\n\t\t<div class=\"elementor-element elementor-element-3150da0 e-con-full e-flex e-con e-child\" data-id=\"3150da0\" data-element_type=\"container\" data-e-type=\"container\" data-settings=\"{&quot;background_background&quot;:&quot;classic&quot;,&quot;jet_parallax_layout_list&quot;:[]}\">\n\t\t<div class=\"elementor-element elementor-element-a8e6dee e-con-full e-flex e-con e-child\" data-id=\"a8e6dee\" data-element_type=\"container\" data-e-type=\"container\" data-settings=\"{&quot;jet_parallax_layout_list&quot;:[]}\">\n\t\t\t\t<div class=\"elementor-element elementor-element-8741c5b elementor-widget elementor-widget-spacer\" data-id=\"8741c5b\" data-element_type=\"widget\" data-e-type=\"widget\" data-widget_type=\"spacer.default\">\n\t\t\t\t\t\t\t<div class=\"elementor-spacer\">\n\t\t\t<div class=\"elementor-spacer-inner\"><\/div>\n\t\t<\/div>\n\t\t\t\t\t\t<\/div>\n\t\t\t\t<div class=\"elementor-element elementor-element-353c8c2 elementor-widget elementor-widget-heading\" data-id=\"353c8c2\" data-element_type=\"widget\" data-e-type=\"widget\" data-widget_type=\"heading.default\">\n\t\t\t\t\t<h2 class=\"elementor-heading-title elementor-size-default\">Book en tid til en snak med os<\/h2>\t\t\t\t<\/div>\n\t\t\t\t<div class=\"elementor-element elementor-element-5cfb58c elementor-widget elementor-widget-spacer\" data-id=\"5cfb58c\" data-element_type=\"widget\" data-e-type=\"widget\" data-widget_type=\"spacer.default\">\n\t\t\t\t\t\t\t<div class=\"elementor-spacer\">\n\t\t\t<div class=\"elementor-spacer-inner\"><\/div>\n\t\t<\/div>\n\t\t\t\t\t\t<\/div>\n\t\t\t\t<div class=\"elementor-element elementor-element-68a8c3e elementor-widget elementor-widget-text-editor\" data-id=\"68a8c3e\" data-element_type=\"widget\" data-e-type=\"widget\" data-widget_type=\"text-editor.default\">\n\t\t\t\t\t\t\t\t\t<p>Kig forbi <strong>stand F7<\/strong> og opdag nye muligheder inden for digital asset management til offentlige institutioner, GDPR-overholdelse og meget mere!<\/p>\n\t\t\t\t\t\t\t\t<\/div>\n\t\t\t\t<div class=\"elementor-element elementor-element-03e7e55 elementor-widget elementor-widget-spacer\" data-id=\"03e7e55\" data-element_type=\"widget\" data-e-type=\"widget\" data-widget_type=\"spacer.default\">\n\t\t\t\t\t\t\t<div class=\"elementor-spacer\">\n\t\t\t<div class=\"elementor-spacer-inner\"><\/div>\n\t\t<\/div>\n\t\t\t\t\t\t<\/div>\n\t\t\t\t<div class=\"elementor-element elementor-element-c14e320 elementor-widget elementor-widget-image\" data-id=\"c14e320\" data-element_type=\"widget\" data-e-type=\"widget\" data-widget_type=\"image.default\">\n\t\t\t\t\t\t\t\t\t\t\t\t\t\t\t<img fetchpriority=\"high\" decoding=\"async\" width=\"1024\" height=\"768\" src=\"https:\/\/www.skyfish.com\/wp-content\/uploads\/2025\/08\/20250819_135012-1024x768.jpg\" class=\"attachment-large size-large wp-image-6032\" alt=\"\" srcset=\"https:\/\/www.skyfish.com\/wp-content\/uploads\/2025\/08\/20250819_135012-1024x768.jpg 1024w, https:\/\/www.skyfish.com\/wp-content\/uploads\/2025\/08\/20250819_135012-300x225.jpg 300w, https:\/\/www.skyfish.com\/wp-content\/uploads\/2025\/08\/20250819_135012-768x576.jpg 768w, https:\/\/www.skyfish.com\/wp-content\/uploads\/2025\/08\/20250819_135012-1536x1152.jpg 1536w, https:\/\/www.skyfish.com\/wp-content\/uploads\/2025\/08\/20250819_135012-2048x1536.jpg 2048w, https:\/\/www.skyfish.com\/wp-content\/uploads\/2025\/08\/20250819_135012-600x450.jpg 600w\" sizes=\"(max-width: 1024px) 100vw, 1024px\" \/>\t\t\t\t\t\t\t\t\t\t\t\t\t\t\t<\/div>\n\t\t\t\t<\/div>\n\t\t<div class=\"elementor-element elementor-element-89f304f e-con-full e-flex e-con e-child\" data-id=\"89f304f\" data-element_type=\"container\" data-e-type=\"container\" data-settings=\"{&quot;background_background&quot;:&quot;classic&quot;,&quot;jet_parallax_layout_list&quot;:[]}\">\n\t\t\t\t<div class=\"elementor-element elementor-element-152b481 elementor-widget elementor-widget-spacer\" data-id=\"152b481\" data-element_type=\"widget\" data-e-type=\"widget\" data-widget_type=\"spacer.default\">\n\t\t\t\t\t\t\t<div class=\"elementor-spacer\">\n\t\t\t<div class=\"elementor-spacer-inner\"><\/div>\n\t\t<\/div>\n\t\t\t\t\t\t<\/div>\n\t\t\t\t<div class=\"elementor-element elementor-element-dcd11bf elementor-widget elementor-widget-html\" data-id=\"dcd11bf\" data-element_type=\"widget\" data-e-type=\"widget\" data-widget_type=\"html.default\">\n\t\t\t\t\t<iframe style=\"border: none !important; min-width: 460px; width:100%; height: 600px;\" src=\"https:\/\/calendly.com\/skyfish-tobiassalman\/dialog-om-mediehandtering?hide_landing_page_details=1&hide_gdpr_banner=1&text_color=111316&primary_color=442fa0\"><\/div> <script type=\"text\/javascript\" src=\"https:\/\/assets.calendly.com\/assets\/external\/widget.js\" async><style>.calendly-inline-widget {background: transparent !important;} <\/style><\/script><\/iframe>\t\t\t\t<\/div>\n\t\t\t\t<\/div>\n\t\t\t\t<\/div>\n\t\t\t\t\t<\/div>\n\t\t\t\t<\/div>\n\t\t<div class=\"elementor-element elementor-element-f595876 e-con-full e-flex e-con e-parent\" data-id=\"f595876\" data-element_type=\"container\" data-e-type=\"container\" data-settings=\"{&quot;background_background&quot;:&quot;classic&quot;,&quot;jet_parallax_layout_list&quot;:[]}\">\n\t\t\t\t<\/div>\n\t\t\t\t<\/div>\n\t\t","protected":false},"excerpt":{"rendered":"<p>Drevet af Colourbox M\u00f8d os p\u00e5 Digitaliseringsmessen 2025 Odense, 24. september Book en tid til en snak med os Kig forbi stand F7 og opdag nye muligheder inden for digital asset management til offentlige institutioner, GDPR-overholdelse og meget mere!<\/p>\n","protected":false},"author":7,"featured_media":0,"parent":0,"menu_order":0,"comment_status":"closed","ping_status":"closed","template":"","meta":{"inline_featured_image":false,"footnotes":""},"class_list":["post-6011","page","type-page","status-publish","hentry"],"yoast_head":"<!-- This site is optimized with the Yoast SEO plugin v27.5 - https:\/\/yoast.com\/product\/yoast-seo-wordpress\/ -->\n<title>M\u00f8d Skyfish p\u00e5 Digitaliseringsmessen 2025 - Skyfish<\/title>\n<meta name=\"robots\" content=\"index, follow, max-snippet:-1, max-image-preview:large, max-video-preview:-1\" \/>\n<link rel=\"canonical\" href=\"https:\/\/www.skyfish.com\/da\/digitaliseringsmessen-2025\" \/>\n<meta property=\"og:locale\" content=\"da_DK\" \/>\n<meta property=\"og:type\" content=\"article\" \/>\n<meta property=\"og:title\" content=\"M\u00f8d Skyfish p\u00e5 Digitaliseringsmessen 2025 - Skyfish\" \/>\n<meta property=\"og:description\" content=\"Drevet af Colourbox M\u00f8d os p\u00e5 Digitaliseringsmessen 2025 Odense, 24. september Book en tid til en snak med os Kig forbi stand F7 og opdag nye muligheder inden for digital asset management til offentlige institutioner, GDPR-overholdelse og meget mere!\" \/>\n<meta property=\"og:url\" content=\"https:\/\/www.skyfish.com\/da\/digitaliseringsmessen-2025\" \/>\n<meta property=\"og:site_name\" content=\"Skyfish\" \/>\n<meta property=\"article:modified_time\" content=\"2025-09-08T11:46:29+00:00\" \/>\n<meta property=\"og:image\" content=\"https:\/\/www.skyfish.com\/wp-content\/uploads\/2024\/05\/SF_Logo.svg\" \/>\n<meta name=\"twitter:card\" content=\"summary_large_image\" \/>\n<meta name=\"twitter:label1\" content=\"Estimeret l\u00e6setid\" \/>\n\t<meta name=\"twitter:data1\" content=\"1 minut\" \/>\n<script type=\"application\/ld+json\" class=\"yoast-schema-graph\">{\"@context\":\"https:\\\/\\\/schema.org\",\"@graph\":[{\"@type\":\"WebPage\",\"@id\":\"https:\\\/\\\/www.skyfish.com\\\/da\\\/digitaliseringsmessen-2025\",\"url\":\"https:\\\/\\\/www.skyfish.com\\\/da\\\/digitaliseringsmessen-2025\",\"name\":\"M\u00f8d Skyfish p\u00e5 Digitaliseringsmessen 2025 - Skyfish\",\"isPartOf\":{\"@id\":\"https:\\\/\\\/www.skyfish.com\\\/da#website\"},\"primaryImageOfPage\":{\"@id\":\"https:\\\/\\\/www.skyfish.com\\\/da\\\/digitaliseringsmessen-2025#primaryimage\"},\"image\":{\"@id\":\"https:\\\/\\\/www.skyfish.com\\\/da\\\/digitaliseringsmessen-2025#primaryimage\"},\"thumbnailUrl\":\"https:\\\/\\\/www.skyfish.com\\\/wp-content\\\/uploads\\\/2024\\\/05\\\/SF_Logo.svg\",\"datePublished\":\"2025-09-08T10:58:53+00:00\",\"dateModified\":\"2025-09-08T11:46:29+00:00\",\"breadcrumb\":{\"@id\":\"https:\\\/\\\/www.skyfish.com\\\/da\\\/digitaliseringsmessen-2025#breadcrumb\"},\"inLanguage\":\"da-DK\",\"potentialAction\":[{\"@type\":\"ReadAction\",\"target\":[\"https:\\\/\\\/www.skyfish.com\\\/da\\\/digitaliseringsmessen-2025\"]}]},{\"@type\":\"ImageObject\",\"inLanguage\":\"da-DK\",\"@id\":\"https:\\\/\\\/www.skyfish.com\\\/da\\\/digitaliseringsmessen-2025#primaryimage\",\"url\":\"https:\\\/\\\/www.skyfish.com\\\/wp-content\\\/uploads\\\/2024\\\/05\\\/SF_Logo.svg\",\"contentUrl\":\"https:\\\/\\\/www.skyfish.com\\\/wp-content\\\/uploads\\\/2024\\\/05\\\/SF_Logo.svg\"},{\"@type\":\"BreadcrumbList\",\"@id\":\"https:\\\/\\\/www.skyfish.com\\\/da\\\/digitaliseringsmessen-2025#breadcrumb\",\"itemListElement\":[{\"@type\":\"ListItem\",\"position\":1,\"name\":\"Homepage\",\"item\":\"https:\\\/\\\/www.skyfish.com\\\/da\"},{\"@type\":\"ListItem\",\"position\":2,\"name\":\"M\u00f8d Skyfish p\u00e5 Digitaliseringsmessen 2025\"}]},{\"@type\":\"WebSite\",\"@id\":\"https:\\\/\\\/www.skyfish.com\\\/da#website\",\"url\":\"https:\\\/\\\/www.skyfish.com\\\/da\",\"name\":\"Skyfish\",\"description\":\"Your image management solution of choise\",\"publisher\":{\"@id\":\"https:\\\/\\\/www.skyfish.com\\\/da#organization\"},\"potentialAction\":[{\"@type\":\"SearchAction\",\"target\":{\"@type\":\"EntryPoint\",\"urlTemplate\":\"https:\\\/\\\/www.skyfish.com\\\/da?s={search_term_string}\"},\"query-input\":{\"@type\":\"PropertyValueSpecification\",\"valueRequired\":true,\"valueName\":\"search_term_string\"}}],\"inLanguage\":\"da-DK\"},{\"@type\":\"Organization\",\"@id\":\"https:\\\/\\\/www.skyfish.com\\\/da#organization\",\"name\":\"Skyfish\",\"url\":\"https:\\\/\\\/www.skyfish.com\\\/da\",\"logo\":{\"@type\":\"ImageObject\",\"inLanguage\":\"da-DK\",\"@id\":\"https:\\\/\\\/www.skyfish.com\\\/da#\\\/schema\\\/logo\\\/image\\\/\",\"url\":\"\",\"contentUrl\":\"\",\"caption\":\"Skyfish\"},\"image\":{\"@id\":\"https:\\\/\\\/www.skyfish.com\\\/da#\\\/schema\\\/logo\\\/image\\\/\"}}]}<\/script>\n<!-- \/ Yoast SEO plugin. -->","yoast_head_json":{"title":"M\u00f8d Skyfish p\u00e5 Digitaliseringsmessen 2025 - Skyfish","robots":{"index":"index","follow":"follow","max-snippet":"max-snippet:-1","max-image-preview":"max-image-preview:large","max-video-preview":"max-video-preview:-1"},"canonical":"https:\/\/www.skyfish.com\/da\/digitaliseringsmessen-2025","og_locale":"da_DK","og_type":"article","og_title":"M\u00f8d Skyfish p\u00e5 Digitaliseringsmessen 2025 - Skyfish","og_description":"Drevet af Colourbox M\u00f8d os p\u00e5 Digitaliseringsmessen 2025 Odense, 24. september Book en tid til en snak med os Kig forbi stand F7 og opdag nye muligheder inden for digital asset management til offentlige institutioner, GDPR-overholdelse og meget mere!","og_url":"https:\/\/www.skyfish.com\/da\/digitaliseringsmessen-2025","og_site_name":"Skyfish","article_modified_time":"2025-09-08T11:46:29+00:00","og_image":[{"url":"https:\/\/www.skyfish.com\/wp-content\/uploads\/2024\/05\/SF_Logo.svg","type":"","width":"","height":""}],"twitter_card":"summary_large_image","twitter_misc":{"Estimeret l\u00e6setid":"1 minut"},"schema":{"@context":"https:\/\/schema.org","@graph":[{"@type":"WebPage","@id":"https:\/\/www.skyfish.com\/da\/digitaliseringsmessen-2025","url":"https:\/\/www.skyfish.com\/da\/digitaliseringsmessen-2025","name":"M\u00f8d Skyfish p\u00e5 Digitaliseringsmessen 2025 - Skyfish","isPartOf":{"@id":"https:\/\/www.skyfish.com\/da#website"},"primaryImageOfPage":{"@id":"https:\/\/www.skyfish.com\/da\/digitaliseringsmessen-2025#primaryimage"},"image":{"@id":"https:\/\/www.skyfish.com\/da\/digitaliseringsmessen-2025#primaryimage"},"thumbnailUrl":"https:\/\/www.skyfish.com\/wp-content\/uploads\/2024\/05\/SF_Logo.svg","datePublished":"2025-09-08T10:58:53+00:00","dateModified":"2025-09-08T11:46:29+00:00","breadcrumb":{"@id":"https:\/\/www.skyfish.com\/da\/digitaliseringsmessen-2025#breadcrumb"},"inLanguage":"da-DK","potentialAction":[{"@type":"ReadAction","target":["https:\/\/www.skyfish.com\/da\/digitaliseringsmessen-2025"]}]},{"@type":"ImageObject","inLanguage":"da-DK","@id":"https:\/\/www.skyfish.com\/da\/digitaliseringsmessen-2025#primaryimage","url":"https:\/\/www.skyfish.com\/wp-content\/uploads\/2024\/05\/SF_Logo.svg","contentUrl":"https:\/\/www.skyfish.com\/wp-content\/uploads\/2024\/05\/SF_Logo.svg"},{"@type":"BreadcrumbList","@id":"https:\/\/www.skyfish.com\/da\/digitaliseringsmessen-2025#breadcrumb","itemListElement":[{"@type":"ListItem","position":1,"name":"Homepage","item":"https:\/\/www.skyfish.com\/da"},{"@type":"ListItem","position":2,"name":"M\u00f8d Skyfish p\u00e5 Digitaliseringsmessen 2025"}]},{"@type":"WebSite","@id":"https:\/\/www.skyfish.com\/da#website","url":"https:\/\/www.skyfish.com\/da","name":"Skyfish","description":"Your image management solution of choise","publisher":{"@id":"https:\/\/www.skyfish.com\/da#organization"},"potentialAction":[{"@type":"SearchAction","target":{"@type":"EntryPoint","urlTemplate":"https:\/\/www.skyfish.com\/da?s={search_term_string}"},"query-input":{"@type":"PropertyValueSpecification","valueRequired":true,"valueName":"search_term_string"}}],"inLanguage":"da-DK"},{"@type":"Organization","@id":"https:\/\/www.skyfish.com\/da#organization","name":"Skyfish","url":"https:\/\/www.skyfish.com\/da","logo":{"@type":"ImageObject","inLanguage":"da-DK","@id":"https:\/\/www.skyfish.com\/da#\/schema\/logo\/image\/","url":"","contentUrl":"","caption":"Skyfish"},"image":{"@id":"https:\/\/www.skyfish.com\/da#\/schema\/logo\/image\/"}}]}},"_links":{"self":[{"href":"https:\/\/www.skyfish.com\/da\/wp-json\/wp\/v2\/pages\/6011","targetHints":{"allow":["GET"]}}],"collection":[{"href":"https:\/\/www.skyfish.com\/da\/wp-json\/wp\/v2\/pages"}],"about":[{"href":"https:\/\/www.skyfish.com\/da\/wp-json\/wp\/v2\/types\/page"}],"author":[{"embeddable":true,"href":"https:\/\/www.skyfish.com\/da\/wp-json\/wp\/v2\/users\/7"}],"replies":[{"embeddable":true,"href":"https:\/\/www.skyfish.com\/da\/wp-json\/wp\/v2\/comments?post=6011"}],"version-history":[{"count":15,"href":"https:\/\/www.skyfish.com\/da\/wp-json\/wp\/v2\/pages\/6011\/revisions"}],"predecessor-version":[{"id":6740,"href":"https:\/\/www.skyfish.com\/da\/wp-json\/wp\/v2\/pages\/6011\/revisions\/6740"}],"wp:attachment":[{"href":"https:\/\/www.skyfish.com\/da\/wp-json\/wp\/v2\/media?parent=6011"}],"curies":[{"name":"wp","href":"https:\/\/api.w.org\/{rel}","templated":true}]}}