{"id":2944,"date":"2025-02-20T21:30:24","date_gmt":"2025-02-20T20:30:24","guid":{"rendered":"http:\/\/skyfish.com.linux154.unoeuro-server.com\/kunder\/gallus-ferd-ruesch-plc\/"},"modified":"2025-10-23T14:47:04","modified_gmt":"2025-10-23T12:47:04","slug":"gallus-ferd-ruesch-plc","status":"publish","type":"page","link":"https:\/\/www.skyfish.com\/da\/kunder\/gallus-ferd-ruesch-plc","title":{"rendered":"Gallus Ferd. R\u00fcesch PLC"},"content":{"rendered":"\t\t<div data-elementor-type=\"wp-post\" data-elementor-id=\"2944\" class=\"elementor elementor-2944 elementor-2535\" data-elementor-post-type=\"page\">\n\t\t\t\t<div class=\"elementor-element elementor-element-9d88bd4 e-con-full e-flex e-con e-parent\" data-id=\"9d88bd4\" data-element_type=\"container\" data-e-type=\"container\" data-settings=\"{&quot;background_background&quot;:&quot;classic&quot;,&quot;jet_parallax_layout_list&quot;:[]}\">\n\t\t\t\t<div class=\"elementor-element elementor-element-621631f elementor-widget elementor-widget-image\" data-id=\"621631f\" data-element_type=\"widget\" data-e-type=\"widget\" data-widget_type=\"image.default\">\n\t\t\t\t\t\t\t\t\t\t\t\t\t\t\t<img decoding=\"async\" src=\"https:\/\/cdn.skyfish.com\/skyfish\/67b7a0875dab5.png?output_format=webp\" title=\"\" alt=\"Colab logo\" loading=\"lazy\" \/>\t\t\t\t\t\t\t\t\t\t\t\t\t\t\t<\/div>\n\t\t\t\t<\/div>\n\t\t<div class=\"elementor-element elementor-element-5d27ca6 e-flex e-con-boxed e-con e-parent\" data-id=\"5d27ca6\" data-element_type=\"container\" data-e-type=\"container\" data-settings=\"{&quot;jet_parallax_layout_list&quot;:[]}\">\n\t\t\t\t\t<div class=\"e-con-inner\">\n\t\t<div class=\"elementor-element elementor-element-fd57af3 e-con-full e-flex e-con e-child\" data-id=\"fd57af3\" data-element_type=\"container\" data-e-type=\"container\" data-settings=\"{&quot;jet_parallax_layout_list&quot;:[]}\">\n\t\t\t\t<div class=\"elementor-element elementor-element-d68318c elementor-widget elementor-widget-heading\" data-id=\"d68318c\" data-element_type=\"widget\" data-e-type=\"widget\" data-widget_type=\"heading.default\">\n\t\t\t\t\t<h1 class=\"elementor-heading-title elementor-size-default\">Om Gallus Ferd. R\u00fcesch PLC<\/h1>\t\t\t\t<\/div>\n\t\t\t\t<div class=\"elementor-element elementor-element-9ecca6f elementor-widget elementor-widget-text-editor\" data-id=\"9ecca6f\" data-element_type=\"widget\" data-e-type=\"widget\" data-widget_type=\"text-editor.default\">\n\t\t\t\t\t\t\t\t\t<p>Det schweiziske selskab Gallus Ferd. R\u00fcesch PLC er pioner inden for produktion og distribution af printmaskiner til etiketter. Virksomheden s\u00e6lger et stort udvalg af printere til etiketter og foldekarton og tilbyder desuden professionelle tjenester til sk\u00e6rm- og etiketudskrivning. Over tid har de samlet et v\u00e6ld af egne produktfotos, hvilket tidligere gav en del problemer pga deres firewall. I dag administreres alle virksomhedens billeder med hj\u00e6lp fra Skyfish.<\/p>\n\t\t\t\t\t\t\t\t<\/div>\n\t\t\t\t<\/div>\n\t\t<div class=\"elementor-element elementor-element-813062a e-con-full e-flex e-con e-child\" data-id=\"813062a\" data-element_type=\"container\" data-e-type=\"container\" data-settings=\"{&quot;jet_parallax_layout_list&quot;:[]}\">\n\t\t\t\t<div class=\"elementor-element elementor-element-56f8a49 elementor-widget elementor-widget-image\" data-id=\"56f8a49\" data-element_type=\"widget\" data-e-type=\"widget\" data-widget_type=\"image.default\">\n\t\t\t\t\t\t\t\t\t\t\t\t\t\t\t<img decoding=\"async\" src=\"https:\/\/cdn.skyfish.com\/skyfish\/67b7a0383da89.webp\" title=\"\" alt=\"case image 1 gallus\" loading=\"lazy\" \/>\t\t\t\t\t\t\t\t\t\t\t\t\t\t\t<\/div>\n\t\t\t\t<\/div>\n\t\t\t\t\t<\/div>\n\t\t\t\t<\/div>\n\t\t<div class=\"elementor-element elementor-element-5f1b3e8 e-flex e-con-boxed e-con e-parent\" data-id=\"5f1b3e8\" data-element_type=\"container\" data-e-type=\"container\" data-settings=\"{&quot;background_background&quot;:&quot;classic&quot;,&quot;jet_parallax_layout_list&quot;:[]}\">\n\t\t\t\t\t<div class=\"e-con-inner\">\n\t\t\t\t<div class=\"elementor-element elementor-element-0e5a71c elementor-widget elementor-widget-image\" data-id=\"0e5a71c\" data-element_type=\"widget\" data-e-type=\"widget\" data-widget_type=\"image.default\">\n\t\t\t\t\t\t\t\t\t\t\t\t\t\t\t<img decoding=\"async\" src=\"https:\/\/cdn.skyfish.com\/skyfish\/67b79fe403051.png?output_format=webp\" title=\"\" alt=\"joined share from skyfish\" loading=\"lazy\" \/>\t\t\t\t\t\t\t\t\t\t\t\t\t\t\t<\/div>\n\t\t\t\t\t<\/div>\n\t\t\t\t<\/div>\n\t\t<div class=\"elementor-element elementor-element-d3842cd e-flex e-con-boxed e-con e-parent\" data-id=\"d3842cd\" data-element_type=\"container\" data-e-type=\"container\" data-settings=\"{&quot;jet_parallax_layout_list&quot;:[]}\">\n\t\t\t\t\t<div class=\"e-con-inner\">\n\t\t<div class=\"elementor-element elementor-element-ac97b38 e-con-full e-flex e-con e-child\" data-id=\"ac97b38\" data-element_type=\"container\" data-e-type=\"container\" data-settings=\"{&quot;jet_parallax_layout_list&quot;:[]}\">\n\t\t\t\t<div class=\"elementor-element elementor-element-95b244f elementor-widget__width-initial elementor-widget elementor-widget-text-editor\" data-id=\"95b244f\" data-element_type=\"widget\" data-e-type=\"widget\" data-widget_type=\"text-editor.default\">\n\t\t\t\t\t\t\t\t\t<p>\u201cVi \u00f8nskede ikke at bruge FTP til at uploade billeder, da det ville give problemer med vores firewall.\u201d<\/p>\n<p>&nbsp;<\/p>\n\t\t\t\t\t\t\t\t<\/div>\n\t\t\t\t<\/div>\n\t\t<div class=\"elementor-element elementor-element-3022e09 e-con-full e-flex e-con e-child\" data-id=\"3022e09\" data-element_type=\"container\" data-e-type=\"container\" data-settings=\"{&quot;jet_parallax_layout_list&quot;:[]}\">\n\t\t\t\t<div class=\"elementor-element elementor-element-15eff95 elementor-widget elementor-widget-heading\" data-id=\"15eff95\" data-element_type=\"widget\" data-e-type=\"widget\" data-widget_type=\"heading.default\">\n\t\t\t\t\t<h2 class=\"elementor-heading-title elementor-size-default\">Problemet<\/h2>\t\t\t\t<\/div>\n\t\t\t\t<div class=\"elementor-element elementor-element-d8e5900 elementor-widget elementor-widget-text-editor\" data-id=\"d8e5900\" data-element_type=\"widget\" data-e-type=\"widget\" data-widget_type=\"text-editor.default\">\n\t\t\t\t\t\t\t\t\t<p>Gallus havde mange billeder at organisere, herunder produktfotos, eventfotos m.m. Brugen af FTP til manuel upload af filer gav forskellige problemer bl.a. med deres firewall. Det resulterede i forsinkelser og en hel del teknisk hovedpine. Gallus havde helt klart brug for en bedre m\u00e5de at organisere billeder p\u00e5. Og deres krav var, at l\u00f8sningen skulle v\u00e6re helt enkel og brugervenlig.<\/p>\n<p>Marketing manager Matthias Marx siger: \u201cVi \u00f8nskede at bygge en billedatabase, der var let at h\u00e5ndtere. Eksisterende software til media asset management syntes vi var alt for kompliceret til vores behov. Vi ville have et nemt v\u00e6rkt\u00f8j, som ikke kr\u00e6vede forudg\u00e5ende viden og som alle ville kunne bruge.\u201dOg heldigvis blev der sat en stopper for alle Gallus\u2019 billedproblemer, da de m\u00f8dte Skyfish.<\/p>\n\t\t\t\t\t\t\t\t<\/div>\n\t\t\t\t<\/div>\n\t\t\t\t\t<\/div>\n\t\t\t\t<\/div>\n\t\t<div class=\"elementor-element elementor-element-57d492c e-flex e-con-boxed e-con e-parent\" data-id=\"57d492c\" data-element_type=\"container\" data-e-type=\"container\" data-settings=\"{&quot;jet_parallax_layout_list&quot;:[]}\">\n\t\t\t\t\t<div class=\"e-con-inner\">\n\t\t<div class=\"elementor-element elementor-element-da6093e e-con-full e-flex e-con e-child\" data-id=\"da6093e\" data-element_type=\"container\" data-e-type=\"container\" data-settings=\"{&quot;jet_parallax_layout_list&quot;:[]}\">\n\t\t\t\t<div class=\"elementor-element elementor-element-c56a53a elementor-widget elementor-widget-heading\" data-id=\"c56a53a\" data-element_type=\"widget\" data-e-type=\"widget\" data-widget_type=\"heading.default\">\n\t\t\t\t\t<h2 class=\"elementor-heading-title elementor-size-default\">L\u00f8sningen<\/h2>\t\t\t\t<\/div>\n\t\t\t\t<div class=\"elementor-element elementor-element-5923428 elementor-widget elementor-widget-text-editor\" data-id=\"5923428\" data-element_type=\"widget\" data-e-type=\"widget\" data-widget_type=\"text-editor.default\">\n\t\t\t\t\t\t\t\t\t<p>Med Skyfish l\u00f8ste Gallus alle deres billedproblemer. Skyfish bruger Drag &amp; Drop til upload af filer, og det bet\u00f8d, at firewallen ikke l\u00e6ngere var et problem. Medarbejderne synes ogs\u00e5, at Skyfish er meget mere brugervenlig end deres tidligere metode, hvor de skulle uploade billeder manuelt med FTP. S\u00e5 nu bruger Gallus Skyfish b\u00e5de in- og eksternt.<\/p>\n<p>Flere administratorer fra Gallus\u2019 marketing-, kommunikations- og product management afdelinger har adgang til Skyfish &#8211; med forskellige rettigheder. For tiden eksponerer Gallus forskellige modeller af deres trykmaskiner p\u00e5 deres Public Media Gallery &#8211; for at skabe mere presse og opm\u00e6rksomhed online. I fremtiden vil Gallus ogs\u00e5 bruge Skyfish til film og annoncetemplates, som en ekstra service for deres kunder.<\/p>\n\t\t\t\t\t\t\t\t<\/div>\n\t\t\t\t<\/div>\n\t\t<div class=\"elementor-element elementor-element-e4f5762 e-con-full e-flex e-con e-child\" data-id=\"e4f5762\" data-element_type=\"container\" data-e-type=\"container\" data-settings=\"{&quot;jet_parallax_layout_list&quot;:[]}\">\n\t\t\t\t<div class=\"elementor-element elementor-element-e5deaf5 elementor-widget elementor-widget-image\" data-id=\"e5deaf5\" data-element_type=\"widget\" data-e-type=\"widget\" data-widget_type=\"image.default\">\n\t\t\t\t\t\t\t\t\t\t\t\t\t\t\t<img decoding=\"async\" src=\"https:\/\/cdn.skyfish.com\/skyfish\/67b7a055007f6.webp\" title=\"\" alt=\"case image 4\" loading=\"lazy\" \/>\t\t\t\t\t\t\t\t\t\t\t\t\t\t\t<\/div>\n\t\t\t\t<\/div>\n\t\t\t\t\t<\/div>\n\t\t\t\t<\/div>\n\t\t<div class=\"elementor-element elementor-element-5ff2c0d e-flex e-con-boxed e-con e-parent\" data-id=\"5ff2c0d\" data-element_type=\"container\" data-e-type=\"container\" data-settings=\"{&quot;jet_parallax_layout_list&quot;:[]}\">\n\t\t\t\t\t<div class=\"e-con-inner\">\n\t\t<div class=\"elementor-element elementor-element-af492b0 e-con-full e-flex e-con e-child\" data-id=\"af492b0\" data-element_type=\"container\" data-e-type=\"container\" data-settings=\"{&quot;background_background&quot;:&quot;classic&quot;,&quot;jet_parallax_layout_list&quot;:[]}\">\n\t\t\t\t<div class=\"elementor-element elementor-element-d593058 elementor-widget__width-initial elementor-widget elementor-widget-text-editor\" data-id=\"d593058\" data-element_type=\"widget\" data-e-type=\"widget\" data-widget_type=\"text-editor.default\">\n\t\t\t\t\t\t\t\t\t<p>\u201cUploading er nemt, og tagging af billeder er hurtigt. Skyfish er det perfekte v\u00e6rkt\u00f8j for os.\u201d<\/p>\n<p>&nbsp;<\/p>\n\t\t\t\t\t\t\t\t<\/div>\n\t\t\t\t<div class=\"elementor-element elementor-element-454b06f elementor-widget elementor-widget-text-editor\" data-id=\"454b06f\" data-element_type=\"widget\" data-e-type=\"widget\" data-widget_type=\"text-editor.default\">\n\t\t\t\t\t\t\t\t\t<p>Matthias Marx<\/p>\n\t\t\t\t\t\t\t\t<\/div>\n\t\t\t\t<div class=\"elementor-element elementor-element-0d02b88 elementor-widget elementor-widget-text-editor\" data-id=\"0d02b88\" data-element_type=\"widget\" data-e-type=\"widget\" data-widget_type=\"text-editor.default\">\n\t\t\t\t\t\t\t\t\t<p>Marketing manager<br \/>Gallus Ferd. R\u00fcesch PLC<\/p>\n\t\t\t\t\t\t\t\t<\/div>\n\t\t\t\t<\/div>\n\t\t\t\t\t<\/div>\n\t\t\t\t<\/div>\n\t\t\t\t<\/div>\n\t\t","protected":false},"excerpt":{"rendered":"<p>Gallus havde mange billeder at organisere, herunder produktfotos, eventfotos m.m. Brugen af FTP til manuel upload af filer gav forskellige problemer bl.a. med deres firewall. <\/p>\n","protected":false},"author":8,"featured_media":2945,"parent":2909,"menu_order":0,"comment_status":"closed","ping_status":"open","template":"","meta":{"inline_featured_image":false,"footnotes":""},"class_list":["post-2944","page","type-page","status-publish","has-post-thumbnail","hentry"],"yoast_head":"<!-- This site is optimized with the Yoast SEO plugin v27.5 - https:\/\/yoast.com\/product\/yoast-seo-wordpress\/ -->\n<title>Gallus &amp; Skyfish: Smart DAM-system til komplekse medieworkflows<\/title>\n<meta name=\"description\" content=\"Gallus bruger Skyfish til at sikre, strukturere og dele mediearkiver. Hurtigere workflows, central styring og tryg adgang p\u00e5 tv\u00e6rs af teams.\" \/>\n<meta name=\"robots\" content=\"index, follow, max-snippet:-1, max-image-preview:large, max-video-preview:-1\" \/>\n<link rel=\"canonical\" href=\"https:\/\/www.skyfish.com\/da\/kunder\/gallus-ferd-ruesch-plc\" \/>\n<meta property=\"og:locale\" content=\"da_DK\" \/>\n<meta property=\"og:type\" content=\"article\" \/>\n<meta property=\"og:title\" content=\"Gallus &amp; Skyfish: Smart DAM-system til komplekse medieworkflows\" \/>\n<meta property=\"og:description\" content=\"Gallus bruger Skyfish til at sikre, strukturere og dele mediearkiver. Hurtigere workflows, central styring og tryg adgang p\u00e5 tv\u00e6rs af teams.\" \/>\n<meta property=\"og:url\" content=\"https:\/\/www.skyfish.com\/da\/kunder\/gallus-ferd-ruesch-plc\" \/>\n<meta property=\"og:site_name\" content=\"Skyfish\" \/>\n<meta property=\"article:modified_time\" content=\"2025-10-23T12:47:04+00:00\" \/>\n<meta property=\"og:image\" content=\"https:\/\/www.skyfish.com\/wp-content\/uploads\/2025\/02\/g1-scaled.jpg\" \/>\n\t<meta property=\"og:image:width\" content=\"2560\" \/>\n\t<meta property=\"og:image:height\" content=\"533\" \/>\n\t<meta property=\"og:image:type\" content=\"image\/jpeg\" \/>\n<meta name=\"twitter:card\" content=\"summary_large_image\" \/>\n<meta name=\"twitter:label1\" content=\"Estimeret l\u00e6setid\" \/>\n\t<meta name=\"twitter:data1\" content=\"3 minutter\" \/>\n<script type=\"application\/ld+json\" class=\"yoast-schema-graph\">{\"@context\":\"https:\\\/\\\/schema.org\",\"@graph\":[{\"@type\":\"WebPage\",\"@id\":\"https:\\\/\\\/www.skyfish.com\\\/da\\\/kunder\\\/gallus-ferd-ruesch-plc\",\"url\":\"https:\\\/\\\/www.skyfish.com\\\/da\\\/kunder\\\/gallus-ferd-ruesch-plc\",\"name\":\"Gallus & Skyfish: Smart DAM-system til komplekse medieworkflows\",\"isPartOf\":{\"@id\":\"https:\\\/\\\/www.skyfish.com\\\/da#website\"},\"primaryImageOfPage\":{\"@id\":\"https:\\\/\\\/www.skyfish.com\\\/da\\\/kunder\\\/gallus-ferd-ruesch-plc#primaryimage\"},\"image\":{\"@id\":\"https:\\\/\\\/www.skyfish.com\\\/da\\\/kunder\\\/gallus-ferd-ruesch-plc#primaryimage\"},\"thumbnailUrl\":\"https:\\\/\\\/www.skyfish.com\\\/wp-content\\\/uploads\\\/2025\\\/02\\\/g1-scaled.jpg\",\"datePublished\":\"2025-02-20T20:30:24+00:00\",\"dateModified\":\"2025-10-23T12:47:04+00:00\",\"description\":\"Gallus bruger Skyfish til at sikre, strukturere og dele mediearkiver. Hurtigere workflows, central styring og tryg adgang p\u00e5 tv\u00e6rs af teams.\",\"breadcrumb\":{\"@id\":\"https:\\\/\\\/www.skyfish.com\\\/da\\\/kunder\\\/gallus-ferd-ruesch-plc#breadcrumb\"},\"inLanguage\":\"da-DK\",\"potentialAction\":[{\"@type\":\"ReadAction\",\"target\":[\"https:\\\/\\\/www.skyfish.com\\\/da\\\/kunder\\\/gallus-ferd-ruesch-plc\"]}]},{\"@type\":\"ImageObject\",\"inLanguage\":\"da-DK\",\"@id\":\"https:\\\/\\\/www.skyfish.com\\\/da\\\/kunder\\\/gallus-ferd-ruesch-plc#primaryimage\",\"url\":\"https:\\\/\\\/www.skyfish.com\\\/wp-content\\\/uploads\\\/2025\\\/02\\\/g1-scaled.jpg\",\"contentUrl\":\"https:\\\/\\\/www.skyfish.com\\\/wp-content\\\/uploads\\\/2025\\\/02\\\/g1-scaled.jpg\",\"width\":2560,\"height\":533,\"caption\":\"g1 scaled\"},{\"@type\":\"BreadcrumbList\",\"@id\":\"https:\\\/\\\/www.skyfish.com\\\/da\\\/kunder\\\/gallus-ferd-ruesch-plc#breadcrumb\",\"itemListElement\":[{\"@type\":\"ListItem\",\"position\":1,\"name\":\"Homepage\",\"item\":\"https:\\\/\\\/www.skyfish.com\\\/da\"},{\"@type\":\"ListItem\",\"position\":2,\"name\":\"Kunder\",\"item\":\"https:\\\/\\\/www.skyfish.com\\\/da\\\/kunder\"},{\"@type\":\"ListItem\",\"position\":3,\"name\":\"Gallus Ferd. R\u00fcesch PLC\"}]},{\"@type\":\"WebSite\",\"@id\":\"https:\\\/\\\/www.skyfish.com\\\/da#website\",\"url\":\"https:\\\/\\\/www.skyfish.com\\\/da\",\"name\":\"Skyfish\",\"description\":\"Your image management solution of choise\",\"publisher\":{\"@id\":\"https:\\\/\\\/www.skyfish.com\\\/da#organization\"},\"potentialAction\":[{\"@type\":\"SearchAction\",\"target\":{\"@type\":\"EntryPoint\",\"urlTemplate\":\"https:\\\/\\\/www.skyfish.com\\\/da?s={search_term_string}\"},\"query-input\":{\"@type\":\"PropertyValueSpecification\",\"valueRequired\":true,\"valueName\":\"search_term_string\"}}],\"inLanguage\":\"da-DK\"},{\"@type\":\"Organization\",\"@id\":\"https:\\\/\\\/www.skyfish.com\\\/da#organization\",\"name\":\"Skyfish\",\"url\":\"https:\\\/\\\/www.skyfish.com\\\/da\",\"logo\":{\"@type\":\"ImageObject\",\"inLanguage\":\"da-DK\",\"@id\":\"https:\\\/\\\/www.skyfish.com\\\/da#\\\/schema\\\/logo\\\/image\\\/\",\"url\":\"\",\"contentUrl\":\"\",\"caption\":\"Skyfish\"},\"image\":{\"@id\":\"https:\\\/\\\/www.skyfish.com\\\/da#\\\/schema\\\/logo\\\/image\\\/\"}}]}<\/script>\n<!-- \/ Yoast SEO plugin. -->","yoast_head_json":{"title":"Gallus & Skyfish: Smart DAM-system til komplekse medieworkflows","description":"Gallus bruger Skyfish til at sikre, strukturere og dele mediearkiver. Hurtigere workflows, central styring og tryg adgang p\u00e5 tv\u00e6rs af teams.","robots":{"index":"index","follow":"follow","max-snippet":"max-snippet:-1","max-image-preview":"max-image-preview:large","max-video-preview":"max-video-preview:-1"},"canonical":"https:\/\/www.skyfish.com\/da\/kunder\/gallus-ferd-ruesch-plc","og_locale":"da_DK","og_type":"article","og_title":"Gallus & Skyfish: Smart DAM-system til komplekse medieworkflows","og_description":"Gallus bruger Skyfish til at sikre, strukturere og dele mediearkiver. Hurtigere workflows, central styring og tryg adgang p\u00e5 tv\u00e6rs af teams.","og_url":"https:\/\/www.skyfish.com\/da\/kunder\/gallus-ferd-ruesch-plc","og_site_name":"Skyfish","article_modified_time":"2025-10-23T12:47:04+00:00","og_image":[{"width":2560,"height":533,"url":"https:\/\/www.skyfish.com\/wp-content\/uploads\/2025\/02\/g1-scaled.jpg","type":"image\/jpeg"}],"twitter_card":"summary_large_image","twitter_misc":{"Estimeret l\u00e6setid":"3 minutter"},"schema":{"@context":"https:\/\/schema.org","@graph":[{"@type":"WebPage","@id":"https:\/\/www.skyfish.com\/da\/kunder\/gallus-ferd-ruesch-plc","url":"https:\/\/www.skyfish.com\/da\/kunder\/gallus-ferd-ruesch-plc","name":"Gallus & Skyfish: Smart DAM-system til komplekse medieworkflows","isPartOf":{"@id":"https:\/\/www.skyfish.com\/da#website"},"primaryImageOfPage":{"@id":"https:\/\/www.skyfish.com\/da\/kunder\/gallus-ferd-ruesch-plc#primaryimage"},"image":{"@id":"https:\/\/www.skyfish.com\/da\/kunder\/gallus-ferd-ruesch-plc#primaryimage"},"thumbnailUrl":"https:\/\/www.skyfish.com\/wp-content\/uploads\/2025\/02\/g1-scaled.jpg","datePublished":"2025-02-20T20:30:24+00:00","dateModified":"2025-10-23T12:47:04+00:00","description":"Gallus bruger Skyfish til at sikre, strukturere og dele mediearkiver. Hurtigere workflows, central styring og tryg adgang p\u00e5 tv\u00e6rs af teams.","breadcrumb":{"@id":"https:\/\/www.skyfish.com\/da\/kunder\/gallus-ferd-ruesch-plc#breadcrumb"},"inLanguage":"da-DK","potentialAction":[{"@type":"ReadAction","target":["https:\/\/www.skyfish.com\/da\/kunder\/gallus-ferd-ruesch-plc"]}]},{"@type":"ImageObject","inLanguage":"da-DK","@id":"https:\/\/www.skyfish.com\/da\/kunder\/gallus-ferd-ruesch-plc#primaryimage","url":"https:\/\/www.skyfish.com\/wp-content\/uploads\/2025\/02\/g1-scaled.jpg","contentUrl":"https:\/\/www.skyfish.com\/wp-content\/uploads\/2025\/02\/g1-scaled.jpg","width":2560,"height":533,"caption":"g1 scaled"},{"@type":"BreadcrumbList","@id":"https:\/\/www.skyfish.com\/da\/kunder\/gallus-ferd-ruesch-plc#breadcrumb","itemListElement":[{"@type":"ListItem","position":1,"name":"Homepage","item":"https:\/\/www.skyfish.com\/da"},{"@type":"ListItem","position":2,"name":"Kunder","item":"https:\/\/www.skyfish.com\/da\/kunder"},{"@type":"ListItem","position":3,"name":"Gallus Ferd. R\u00fcesch PLC"}]},{"@type":"WebSite","@id":"https:\/\/www.skyfish.com\/da#website","url":"https:\/\/www.skyfish.com\/da","name":"Skyfish","description":"Your image management solution of choise","publisher":{"@id":"https:\/\/www.skyfish.com\/da#organization"},"potentialAction":[{"@type":"SearchAction","target":{"@type":"EntryPoint","urlTemplate":"https:\/\/www.skyfish.com\/da?s={search_term_string}"},"query-input":{"@type":"PropertyValueSpecification","valueRequired":true,"valueName":"search_term_string"}}],"inLanguage":"da-DK"},{"@type":"Organization","@id":"https:\/\/www.skyfish.com\/da#organization","name":"Skyfish","url":"https:\/\/www.skyfish.com\/da","logo":{"@type":"ImageObject","inLanguage":"da-DK","@id":"https:\/\/www.skyfish.com\/da#\/schema\/logo\/image\/","url":"","contentUrl":"","caption":"Skyfish"},"image":{"@id":"https:\/\/www.skyfish.com\/da#\/schema\/logo\/image\/"}}]}},"_links":{"self":[{"href":"https:\/\/www.skyfish.com\/da\/wp-json\/wp\/v2\/pages\/2944","targetHints":{"allow":["GET"]}}],"collection":[{"href":"https:\/\/www.skyfish.com\/da\/wp-json\/wp\/v2\/pages"}],"about":[{"href":"https:\/\/www.skyfish.com\/da\/wp-json\/wp\/v2\/types\/page"}],"author":[{"embeddable":true,"href":"https:\/\/www.skyfish.com\/da\/wp-json\/wp\/v2\/users\/8"}],"replies":[{"embeddable":true,"href":"https:\/\/www.skyfish.com\/da\/wp-json\/wp\/v2\/comments?post=2944"}],"version-history":[{"count":4,"href":"https:\/\/www.skyfish.com\/da\/wp-json\/wp\/v2\/pages\/2944\/revisions"}],"predecessor-version":[{"id":6378,"href":"https:\/\/www.skyfish.com\/da\/wp-json\/wp\/v2\/pages\/2944\/revisions\/6378"}],"up":[{"embeddable":true,"href":"https:\/\/www.skyfish.com\/da\/wp-json\/wp\/v2\/pages\/2909"}],"wp:featuredmedia":[{"embeddable":true,"href":"https:\/\/www.skyfish.com\/da\/wp-json\/wp\/v2\/media\/2945"}],"wp:attachment":[{"href":"https:\/\/www.skyfish.com\/da\/wp-json\/wp\/v2\/media?parent=2944"}],"curies":[{"name":"wp","href":"https:\/\/api.w.org\/{rel}","templated":true}]}}