{"id":11708,"date":"2025-11-25T16:18:40","date_gmt":"2025-11-25T15:18:40","guid":{"rendered":"https:\/\/www.skyfish.com\/hjaelpecenter\/samtykkehaandtering\/digitale-samtykker\/saadan-indtaster-du-formaal-i-et-digitalt-samtykke"},"modified":"2025-12-01T15:12:11","modified_gmt":"2025-12-01T14:12:11","slug":"saadan-indtaster-du-formaal-i-et-digitalt-samtykke","status":"publish","type":"page","link":"https:\/\/www.skyfish.com\/da\/hjaelpecenter\/samtykkehaandtering\/digitale-samtykker\/saadan-indtaster-du-formaal-i-et-digitalt-samtykke","title":{"rendered":"S\u00e5dan indtaster du et \u201cform\u00e5l\u201d i et digitalt samtykke"},"content":{"rendered":"\t\t<div data-elementor-type=\"wp-post\" data-elementor-id=\"11708\" class=\"elementor elementor-11708 elementor-11202\" data-elementor-post-type=\"page\">\n\t\t\t\t<div class=\"elementor-element elementor-element-47e38e3 e-flex e-con-boxed e-con e-parent\" data-id=\"47e38e3\" data-element_type=\"container\" data-e-type=\"container\" data-settings=\"{&quot;jet_parallax_layout_list&quot;:[]}\">\n\t\t\t\t\t<div class=\"e-con-inner\">\n\t\t\t\t<div class=\"elementor-element elementor-element-a09ad9d elementor-widget elementor-widget-menu-anchor\" data-id=\"a09ad9d\" data-element_type=\"widget\" data-e-type=\"widget\" data-widget_type=\"menu-anchor.default\">\n\t\t\t\t\t\t\t<div class=\"elementor-menu-anchor\" id=\"100\"><\/div>\n\t\t\t\t\t\t<\/div>\n\t\t\t\t<div class=\"elementor-element elementor-element-f532fd8 elementor-widget elementor-widget-heading\" data-id=\"f532fd8\" data-element_type=\"widget\" data-e-type=\"widget\" data-widget_type=\"heading.default\">\n\t\t\t\t\t<h1 class=\"elementor-heading-title elementor-size-default\">S\u00e5dan indtaster du et \u201cform\u00e5l\u201d i et digitalt samtykke<\/h1>\t\t\t\t<\/div>\n\t\t\t\t\t<\/div>\n\t\t\t\t<\/div>\n\t\t<div class=\"elementor-element elementor-element-346dfca e-flex e-con-boxed e-con e-parent\" data-id=\"346dfca\" data-element_type=\"container\" data-e-type=\"container\" data-settings=\"{&quot;jet_parallax_layout_list&quot;:[]}\">\n\t\t\t\t\t<div class=\"e-con-inner\">\n\t\t<div class=\"elementor-element elementor-element-66472b5 e-con-full e-flex e-con e-child\" data-id=\"66472b5\" data-element_type=\"container\" data-e-type=\"container\" data-settings=\"{&quot;jet_parallax_layout_list&quot;:[]}\">\n\t\t<div class=\"elementor-element elementor-element-21e1214 e-con-full e-flex e-con e-child\" data-id=\"21e1214\" data-element_type=\"container\" data-e-type=\"container\" data-settings=\"{&quot;jet_parallax_layout_list&quot;:[]}\">\n\t\t\t\t<div class=\"elementor-element elementor-element-81b6787 elementor-widget elementor-widget-text-editor\" data-id=\"81b6787\" data-element_type=\"widget\" data-e-type=\"widget\" data-widget_type=\"text-editor.default\">\n\t\t\t\t\t\t\t\t\t<p><span style=\"font-weight: 400;\" data-mce-style=\"font-weight: 400;\">Form\u00e5let definerer pr\u00e6cist, hvad underskriveren giver samtykke til. Det skal v\u00e6re klart, specifikt og pr\u00e6cist, s\u00e5 b\u00e5de dit team og underskriveren forst\u00e5r, hvordan billeder eller videoer m\u00e5 bruges.<\/span><\/p>\n\t\t\t\t\t\t\t\t<\/div>\n\t\t\t\t<div class=\"elementor-element elementor-element-674760d elementor-widget elementor-widget-heading\" data-id=\"674760d\" data-element_type=\"widget\" data-e-type=\"widget\" data-widget_type=\"heading.default\">\n\t\t\t\t\t<h2 class=\"elementor-heading-title elementor-size-default\">Hvad skal et form\u00e5l indeholde?<\/h2>\t\t\t\t<\/div>\n\t\t\t\t<div class=\"elementor-element elementor-element-639134e elementor-widget elementor-widget-text-editor\" data-id=\"639134e\" data-element_type=\"widget\" data-e-type=\"widget\" data-widget_type=\"text-editor.default\">\n\t\t\t\t\t\t\t\t\t<p><span style=\"font-weight: 400;\">Eksempler p\u00e5 veldefinerede form\u00e5l:<\/span><\/p><p>\u00a0<\/p><ul><li style=\"font-weight: 400;\" aria-level=\"1\"><span style=\"font-weight: 400;\">Brug p\u00e5 egne kommunikationskanaler (website, sociale medier, nyhedsbreve osv.)<\/span><\/li><li style=\"font-weight: 400;\" aria-level=\"1\"><span style=\"font-weight: 400;\">Brug i trykte og digitale markedsf\u00f8ringsmaterialer (plakater, flyers, pr\u00e6sentationer osv.)<\/span><\/li><li style=\"font-weight: 400;\" aria-level=\"1\"><span style=\"font-weight: 400;\">Brug i presseomtale og redaktionelle sammenh\u00e6nge<\/span><\/li><li style=\"font-weight: 400;\" aria-level=\"1\"><span style=\"font-weight: 400;\">Deling med kommercielle partnere til brug i deres marketing, kommunikation og annoncering<\/span><\/li><\/ul><p>\u00a0<\/p><p><span style=\"font-weight: 400;\">Undg\u00e5 vage beskrivelser. Jo mere specifikt form\u00e5let er, desto lettere er det senere at sikre korrekt brug af materialet.<\/span><\/p>\t\t\t\t\t\t\t\t<\/div>\n\t\t\t\t<div class=\"elementor-element elementor-element-f6485e8 elementor-widget elementor-widget-menu-anchor\" data-id=\"f6485e8\" data-element_type=\"widget\" data-e-type=\"widget\" data-widget_type=\"menu-anchor.default\">\n\t\t\t\t\t\t\t<div class=\"elementor-menu-anchor\" id=\"1\"><\/div>\n\t\t\t\t\t\t<\/div>\n\t\t\t\t<div class=\"elementor-element elementor-element-b8aa18d elementor-widget elementor-widget-heading\" data-id=\"b8aa18d\" data-element_type=\"widget\" data-e-type=\"widget\" data-widget_type=\"heading.default\">\n\t\t\t\t\t<h2 class=\"elementor-heading-title elementor-size-default\">Hvorfor form\u00e5let er vigtigt i Skyfish<\/h2>\t\t\t\t<\/div>\n\t\t\t\t<div class=\"elementor-element elementor-element-2893600 elementor-widget elementor-widget-text-editor\" data-id=\"2893600\" data-element_type=\"widget\" data-e-type=\"widget\" data-widget_type=\"text-editor.default\">\n\t\t\t\t\t\t\t\t\t<p><span style=\"font-weight: 400;\">Teksten, du indtaster i form\u00e5lsfeltet, bliver:<\/span><\/p><p>\u00a0<\/p><ul><li style=\"font-weight: 400;\" aria-level=\"1\"><span style=\"font-weight: 400;\">S\u00f8gbar i Skyfish<\/span><\/li><li style=\"font-weight: 400;\" aria-level=\"1\"><span style=\"font-weight: 400;\">Synlig p\u00e5 alt medieindhold, der er knyttet til samtykket<\/span><\/li><li style=\"font-weight: 400;\" aria-level=\"1\"><span style=\"font-weight: 400;\">Et filter, du kan bruge til at finde billeder, der er godkendt til et bestemt form\u00e5l<\/span><\/li><\/ul><p>\u00a0<\/p><p><span style=\"font-weight: 400;\">For hurtigt at finde det materiale, der er godkendt til et bestemt form\u00e5l, kan du ogs\u00e5 inkludere n\u00f8gleord som \u201csociale medier\u201d, \u201cintern brug\u201d, \u201cmarketing\u201d og s\u00f8ge efter dem i Skyfish.<\/span><\/p>\t\t\t\t\t\t\t\t<\/div>\n\t\t\t\t<div class=\"elementor-element elementor-element-9acfd90 elementor-widget elementor-widget-menu-anchor\" data-id=\"9acfd90\" data-element_type=\"widget\" data-e-type=\"widget\" data-widget_type=\"menu-anchor.default\">\n\t\t\t\t\t\t\t<div class=\"elementor-menu-anchor\" id=\"2\"><\/div>\n\t\t\t\t\t\t<\/div>\n\t\t\t\t<div class=\"elementor-element elementor-element-bdbf595 elementor-widget elementor-widget-heading\" data-id=\"bdbf595\" data-element_type=\"widget\" data-e-type=\"widget\" data-widget_type=\"heading.default\">\n\t\t\t\t\t<h2 class=\"elementor-heading-title elementor-size-default\">S\u00e5dan fungerer form\u00e5lsfelterne<\/h2>\t\t\t\t<\/div>\n\t\t\t\t<div class=\"elementor-element elementor-element-f6e8016 elementor-widget elementor-widget-text-editor\" data-id=\"f6e8016\" data-element_type=\"widget\" data-e-type=\"widget\" data-widget_type=\"text-editor.default\">\n\t\t\t\t\t\t\t\t\t<p><span style=\"font-weight: 400;\">Der findes to slags form\u00e5lsfelter afh\u00e6ngigt af din skabelonops\u00e6tning:<\/span><\/p><p>\u00a0<\/p><ol><li style=\"font-weight: 400;\" aria-level=\"1\"><span style=\"font-weight: 400;\">Form\u00e5l til brug i kontrakten (officielt form\u00e5l)<\/span><\/li><li style=\"font-weight: 400;\" aria-level=\"1\"><span style=\"font-weight: 400;\">Form\u00e5l til intern brug (kun internt form\u00e5l)<\/span><\/li><\/ol><p><span style=\"font-weight: 400;\"><br \/>Hvilke felter, der vises, afh\u00e6nger af, om smart tagget <\/span><span class=\"custom-label\">Consent Purpose<\/span> <span style=\"font-weight: 400;\"> er inkluderet i din skabelon.<\/span><\/p><p>\u00a0<\/p><div><b>1. Hvis smart tagget <span class=\"custom-label\">Consent Purpose<\/span> smart tag <\/b><b><i>is<\/i><\/b><b> er inkluderet i skabelonen<\/b><br \/><b><br \/><\/b><\/div><p><span style=\"font-weight: 400;\">Du vil se feltet: \u201cTil brug i kontrakten\u201d.<\/span><span style=\"font-weight: 400;\">\u00a0<\/span><br \/><span style=\"font-weight: 400;\">\u00a0<\/span><br \/><span style=\"font-weight: 400;\">Dette felt er obligatorisk. Denne tekst:<\/span><\/p><ul><li style=\"font-weight: 400;\" aria-level=\"1\"><span style=\"font-weight: 400;\">fremg\u00e5r af det underskrevne dokument<\/span><\/li><li style=\"font-weight: 400;\" aria-level=\"1\"><span style=\"font-weight: 400;\">vises internt p\u00e5 medier, der er knyttet til samtykket<\/span><\/li><li style=\"font-weight: 400;\" aria-level=\"1\"><span style=\"font-weight: 400;\">bliver s\u00f8gbar i hele Skyfish.<\/span><\/li><\/ul><p>\u00a0<\/p><p><b>Valgfrit: Tilf\u00f8j en version til intern brug<\/b><br \/><br \/><b>\u00a0<\/b><span style=\"font-weight: 400;\">Hvis du v\u00e6lger at tilf\u00f8je et internt form\u00e5l:<\/span><\/p><ul><li style=\"font-weight: 400;\" aria-level=\"1\"><span style=\"font-weight: 400;\">Det officielle form\u00e5l vises i det underskrevne dokument<\/span><\/li><li style=\"font-weight: 400;\" aria-level=\"1\"><span style=\"font-weight: 400;\">Det interne form\u00e5l vises p\u00e5 medier, der er knyttet til samtykket<\/span><\/li><li style=\"font-weight: 400;\" aria-level=\"1\"><span style=\"font-weight: 400;\">Dette er nyttigt, n\u00e5r samtykket er p\u00e5 \u00e9t sprog (fx engelsk), men dit team arbejder p\u00e5 et andet (fx dansk), eller n\u00e5r interne brugere har brug for ekstra detaljer.<\/span><\/li><\/ul><p>\u00a0<\/p><p><b>2. Hvis smart tagget <span class=\"custom-label\">Consent Purpose<\/span> ikke er inkluderet i skabelonen<\/b><\/p><p>\u00a0<\/p><p><span style=\"font-weight: 400;\">Du vil kun se: \u201cTil intern brug\u201d.<\/span><\/p><p><span style=\"font-weight: 400;\">Dette felt er obligatorisk, fordi det styrer, hvad der vises p\u00e5 medier knyttet til samtykket. Denne tekst:<\/span><\/p><p>\u00a0<\/p><ul><li style=\"font-weight: 400;\" aria-level=\"1\"><span style=\"font-weight: 400;\">fremg\u00e5r ikke af det underskrevne dokument<\/span><\/li><li style=\"font-weight: 400;\" aria-level=\"1\"><span style=\"font-weight: 400;\">vises kun p\u00e5 medier, der er knyttet til samtykket<\/span><\/li><li style=\"font-weight: 400;\" aria-level=\"1\"><span style=\"font-weight: 400;\">forbliver s\u00f8gbar, s\u00e5 du kan filtrere filer ud fra \u00a0form\u00e5lsn\u00f8gleord.<\/span><\/li><\/ul>\t\t\t\t\t\t\t\t<\/div>\n\t\t\t\t<div class=\"elementor-element elementor-element-225a371 elementor-widget elementor-widget-menu-anchor\" data-id=\"225a371\" data-element_type=\"widget\" data-e-type=\"widget\" data-widget_type=\"menu-anchor.default\">\n\t\t\t\t\t\t\t<div class=\"elementor-menu-anchor\" id=\"3\"><\/div>\n\t\t\t\t\t\t<\/div>\n\t\t\t\t<div class=\"elementor-element elementor-element-f95a2fa elementor-widget elementor-widget-heading\" data-id=\"f95a2fa\" data-element_type=\"widget\" data-e-type=\"widget\" data-widget_type=\"heading.default\">\n\t\t\t\t\t<h2 class=\"elementor-heading-title elementor-size-default\">Hvordan form\u00e5l p\u00e5virker s\u00f8gning og filtrering<\/h2>\t\t\t\t<\/div>\n\t\t\t\t<div class=\"elementor-element elementor-element-d56b885 elementor-widget elementor-widget-text-editor\" data-id=\"d56b885\" data-element_type=\"widget\" data-e-type=\"widget\" data-widget_type=\"text-editor.default\">\n\t\t\t\t\t\t\t\t\t<p><span style=\"font-weight: 400;\">Skyfish behandler form\u00e5lsteksten som s\u00f8gbar metadata.<\/span><\/p><p>\u00a0<\/p><p><span style=\"font-weight: 400;\">Det betyder, at hvis form\u00e5let indeholder strukturerede n\u00f8gleord som:<\/span><\/p><p>\u00a0<\/p><ul><li style=\"font-weight: 400;\" aria-level=\"1\"><span style=\"font-weight: 400;\">\u201cSociale medier\u201d<\/span><\/li><li style=\"font-weight: 400;\" aria-level=\"1\"><span style=\"font-weight: 400;\">\u201cIntern brug\u201d<\/span><\/li><li style=\"font-weight: 400;\" aria-level=\"1\"><span style=\"font-weight: 400;\">\u201cMarketing\u201d<\/span><\/li><\/ul><p>\u00a0<\/p><p><span style=\"font-weight: 400;\">\u2026kan du senere s\u00f8ge p\u00e5 disse udtryk for hurtigt at finde alle filer knyttet til samtykker, der tillader denne brug.<\/span><\/p><p>\u00a0<\/p><p><span style=\"font-weight: 400;\">Eksempel:<\/span><\/p><p><span style=\"font-weight: 400;\">S\u00f8g efter \u201csociale medier\u201d \u2192 Skyfish viser alle filer, der er knyttet til samtykker med dette form\u00e5l.<\/span><\/p>\t\t\t\t\t\t\t\t<\/div>\n\t\t\t\t<\/div>\n\t\t\t\t<\/div>\n\t\t<div class=\"elementor-element elementor-element-4bb2929 e-con-full e-flex e-con e-child\" data-id=\"4bb2929\" data-element_type=\"container\" data-e-type=\"container\" data-settings=\"{&quot;jet_parallax_layout_list&quot;:[]}\">\n\t\t<div class=\"elementor-element elementor-element-473c0c2 e-con-full e-flex e-con e-child\" data-id=\"473c0c2\" data-element_type=\"container\" data-e-type=\"container\" data-settings=\"{&quot;jet_parallax_layout_list&quot;:[]}\">\n\t\t<div class=\"elementor-element elementor-element-e3e77d5 e-con-full elementor-hidden-mobile_extra elementor-hidden-mobile e-flex e-con e-child\" data-id=\"e3e77d5\" data-element_type=\"container\" data-e-type=\"container\" data-settings=\"{&quot;jet_parallax_layout_list&quot;:[]}\">\n\t\t\t\t<div class=\"elementor-element elementor-element-be1776d elementor-widget elementor-widget-text-editor\" data-id=\"be1776d\" data-element_type=\"widget\" data-e-type=\"widget\" data-widget_type=\"text-editor.default\">\n\t\t\t\t\t\t\t\t\t<p><a href=\"#0\" data-mce-href=\"#0\">Hvad skal et form\u00e5l indeholde?<\/a><\/p>\n\t\t\t\t\t\t\t\t<\/div>\n\t\t\t\t<div class=\"elementor-element elementor-element-96e30da elementor-widget elementor-widget-text-editor\" data-id=\"96e30da\" data-element_type=\"widget\" data-e-type=\"widget\" data-widget_type=\"text-editor.default\">\n\t\t\t\t\t\t\t\t\t<p><a href=\"#1\" data-mce-href=\"#1\">Hvorfor form\u00e5let er vigtigt i Skyfish<\/a><\/p>\n\t\t\t\t\t\t\t\t<\/div>\n\t\t\t\t<div class=\"elementor-element elementor-element-104ffed elementor-widget elementor-widget-text-editor\" data-id=\"104ffed\" data-element_type=\"widget\" data-e-type=\"widget\" data-widget_type=\"text-editor.default\">\n\t\t\t\t\t\t\t\t\t<p><a href=\"#2\" data-mce-href=\"#2\">S\u00e5dan fungerer form\u00e5lsfelterne<\/a><\/p>\n\t\t\t\t\t\t\t\t<\/div>\n\t\t\t\t<div class=\"elementor-element elementor-element-b148bdb elementor-widget elementor-widget-text-editor\" data-id=\"b148bdb\" data-element_type=\"widget\" data-e-type=\"widget\" data-widget_type=\"text-editor.default\">\n\t\t\t\t\t\t\t\t\t<p><a href=\"#3\" data-mce-href=\"#3\">Hvordan form\u00e5l p\u00e5virker s\u00f8gning og filtrering<\/a><\/p>\n\t\t\t\t\t\t\t\t<\/div>\n\t\t\t\t<\/div>\n\t\t\t\t<\/div>\n\t\t<div class=\"elementor-element elementor-element-814d099 e-con-full e-flex e-con e-child\" data-id=\"814d099\" data-element_type=\"container\" data-e-type=\"container\" data-settings=\"{&quot;jet_parallax_layout_list&quot;:[]}\">\n\t\t\t\t<div class=\"elementor-element elementor-element-83c0b6d elementor-widget elementor-widget-heading\" data-id=\"83c0b6d\" data-element_type=\"widget\" data-e-type=\"widget\" data-widget_type=\"heading.default\">\n\t\t\t\t\t<h2 class=\"elementor-heading-title elementor-size-default\">Brug for hj\u00e6lp?<\/h2>\t\t\t\t<\/div>\n\t\t\t\t<div class=\"elementor-element elementor-element-1f7d383 elementor-widget elementor-widget-text-editor\" data-id=\"1f7d383\" data-element_type=\"widget\" data-e-type=\"widget\" data-widget_type=\"text-editor.default\">\n\t\t\t\t\t\t\t\t\t<p>Telefon: +<a href=\"tel:004570203315\" data-mce-href=\"tel:004570203315\">45 70 20 33 15<\/a><\/p>\n\t\t\t\t\t\t\t\t<\/div>\n\t\t\t\t<div class=\"elementor-element elementor-element-bb1b084 elementor-widget elementor-widget-text-editor\" data-id=\"bb1b084\" data-element_type=\"widget\" data-e-type=\"widget\" data-widget_type=\"text-editor.default\">\n\t\t\t\t\t\t\t\t\t<p>Email: <a href=\"mailto:info@skyfish.com\" data-mce-href=\"mailto:info@skyfish.com\">info@skyfish.com<\/a><\/p>\n\t\t\t\t\t\t\t\t<\/div>\n\t\t\t\t<\/div>\n\t\t\t\t<\/div>\n\t\t\t\t\t<\/div>\n\t\t\t\t<\/div>\n\t\t\t\t<\/div>\n\t\t","protected":false},"excerpt":{"rendered":"<p>S\u00e5dan indtaster du et \u201cform\u00e5l\u201d i et digitalt samtykke Form\u00e5let definerer pr\u00e6cist, hvad underskriveren giver samtykke til. Det skal v\u00e6re klart, specifikt og pr\u00e6cist, s\u00e5 b\u00e5de dit team og underskriveren forst\u00e5r, hvordan billeder eller videoer m\u00e5 bruges. Hvad skal et form\u00e5l indeholde? Eksempler p\u00e5 veldefinerede form\u00e5l: \u00a0 Brug p\u00e5 egne kommunikationskanaler (website, sociale medier, nyhedsbreve [&hellip;]<\/p>\n","protected":false},"author":7,"featured_media":0,"parent":10876,"menu_order":0,"comment_status":"open","ping_status":"closed","template":"","meta":{"inline_featured_image":false,"footnotes":""},"class_list":["post-11708","page","type-page","status-publish","hentry"],"yoast_head":"<!-- This site is optimized with the Yoast SEO plugin v27.5 - https:\/\/yoast.com\/product\/yoast-seo-wordpress\/ -->\n<title>S\u00e5dan definerer du samtykkeform\u00e5l i et digitalt samtykke<\/title>\n<meta name=\"description\" content=\"L\u00e6r at skrive klare, specifikke samtykkeform\u00e5l, hvordan interne form\u00e5l fungerer, og hvordan form\u00e5lstekst forbedrer s\u00f8gning og compliant brug af medier.\" \/>\n<meta name=\"robots\" content=\"index, follow, max-snippet:-1, max-image-preview:large, max-video-preview:-1\" \/>\n<link rel=\"canonical\" href=\"https:\/\/www.skyfish.com\/da\/hjaelpecenter\/samtykkehaandtering\/digitale-samtykker\/saadan-indtaster-du-formaal-i-et-digitalt-samtykke\" \/>\n<meta property=\"og:locale\" content=\"da_DK\" \/>\n<meta property=\"og:type\" content=\"article\" \/>\n<meta property=\"og:title\" content=\"S\u00e5dan definerer du samtykkeform\u00e5l i et digitalt samtykke\" \/>\n<meta property=\"og:description\" content=\"L\u00e6r at skrive klare, specifikke samtykkeform\u00e5l, hvordan interne form\u00e5l fungerer, og hvordan form\u00e5lstekst forbedrer s\u00f8gning og compliant brug af medier.\" \/>\n<meta property=\"og:url\" content=\"https:\/\/www.skyfish.com\/da\/hjaelpecenter\/samtykkehaandtering\/digitale-samtykker\/saadan-indtaster-du-formaal-i-et-digitalt-samtykke\" \/>\n<meta property=\"og:site_name\" content=\"Skyfish\" \/>\n<meta property=\"article:modified_time\" content=\"2025-12-01T14:12:11+00:00\" \/>\n<meta name=\"twitter:card\" content=\"summary_large_image\" \/>\n<meta name=\"twitter:label1\" content=\"Estimeret l\u00e6setid\" \/>\n\t<meta name=\"twitter:data1\" content=\"3 minutter\" \/>\n<script type=\"application\/ld+json\" class=\"yoast-schema-graph\">{\"@context\":\"https:\\\/\\\/schema.org\",\"@graph\":[{\"@type\":\"WebPage\",\"@id\":\"https:\\\/\\\/www.skyfish.com\\\/da\\\/hjaelpecenter\\\/samtykkehaandtering\\\/digitale-samtykker\\\/saadan-indtaster-du-formaal-i-et-digitalt-samtykke\",\"url\":\"https:\\\/\\\/www.skyfish.com\\\/da\\\/hjaelpecenter\\\/samtykkehaandtering\\\/digitale-samtykker\\\/saadan-indtaster-du-formaal-i-et-digitalt-samtykke\",\"name\":\"S\u00e5dan definerer du samtykkeform\u00e5l i et digitalt samtykke\",\"isPartOf\":{\"@id\":\"https:\\\/\\\/www.skyfish.com\\\/da#website\"},\"datePublished\":\"2025-11-25T15:18:40+00:00\",\"dateModified\":\"2025-12-01T14:12:11+00:00\",\"description\":\"L\u00e6r at skrive klare, specifikke samtykkeform\u00e5l, hvordan interne form\u00e5l fungerer, og hvordan form\u00e5lstekst forbedrer s\u00f8gning og compliant brug af medier.\",\"breadcrumb\":{\"@id\":\"https:\\\/\\\/www.skyfish.com\\\/da\\\/hjaelpecenter\\\/samtykkehaandtering\\\/digitale-samtykker\\\/saadan-indtaster-du-formaal-i-et-digitalt-samtykke#breadcrumb\"},\"inLanguage\":\"da-DK\",\"potentialAction\":[{\"@type\":\"ReadAction\",\"target\":[\"https:\\\/\\\/www.skyfish.com\\\/da\\\/hjaelpecenter\\\/samtykkehaandtering\\\/digitale-samtykker\\\/saadan-indtaster-du-formaal-i-et-digitalt-samtykke\"]}]},{\"@type\":\"BreadcrumbList\",\"@id\":\"https:\\\/\\\/www.skyfish.com\\\/da\\\/hjaelpecenter\\\/samtykkehaandtering\\\/digitale-samtykker\\\/saadan-indtaster-du-formaal-i-et-digitalt-samtykke#breadcrumb\",\"itemListElement\":[{\"@type\":\"ListItem\",\"position\":1,\"name\":\"Homepage\",\"item\":\"https:\\\/\\\/www.skyfish.com\\\/da\"},{\"@type\":\"ListItem\",\"position\":2,\"name\":\"Hj\u00e6lpecenter\",\"item\":\"https:\\\/\\\/www.skyfish.com\\\/da\\\/hjaelpecenter\"},{\"@type\":\"ListItem\",\"position\":3,\"name\":\"Hj\u00e6lpecenteret for samtykkeh\u00e5ndtering\",\"item\":\"https:\\\/\\\/www.skyfish.com\\\/da\\\/hjaelpecenter\\\/samtykkehaandtering\"},{\"@type\":\"ListItem\",\"position\":4,\"name\":\"Digitale samtykker\",\"item\":\"https:\\\/\\\/www.skyfish.com\\\/da\\\/hjaelpecenter\\\/samtykkehaandtering\\\/digitale-samtykker\"},{\"@type\":\"ListItem\",\"position\":5,\"name\":\"S\u00e5dan indtaster du et \u201cform\u00e5l\u201d i et digitalt samtykke\"}]},{\"@type\":\"WebSite\",\"@id\":\"https:\\\/\\\/www.skyfish.com\\\/da#website\",\"url\":\"https:\\\/\\\/www.skyfish.com\\\/da\",\"name\":\"Skyfish\",\"description\":\"Your image management solution of choise\",\"publisher\":{\"@id\":\"https:\\\/\\\/www.skyfish.com\\\/da#organization\"},\"potentialAction\":[{\"@type\":\"SearchAction\",\"target\":{\"@type\":\"EntryPoint\",\"urlTemplate\":\"https:\\\/\\\/www.skyfish.com\\\/da?s={search_term_string}\"},\"query-input\":{\"@type\":\"PropertyValueSpecification\",\"valueRequired\":true,\"valueName\":\"search_term_string\"}}],\"inLanguage\":\"da-DK\"},{\"@type\":\"Organization\",\"@id\":\"https:\\\/\\\/www.skyfish.com\\\/da#organization\",\"name\":\"Skyfish\",\"url\":\"https:\\\/\\\/www.skyfish.com\\\/da\",\"logo\":{\"@type\":\"ImageObject\",\"inLanguage\":\"da-DK\",\"@id\":\"https:\\\/\\\/www.skyfish.com\\\/da#\\\/schema\\\/logo\\\/image\\\/\",\"url\":\"\",\"contentUrl\":\"\",\"caption\":\"Skyfish\"},\"image\":{\"@id\":\"https:\\\/\\\/www.skyfish.com\\\/da#\\\/schema\\\/logo\\\/image\\\/\"}}]}<\/script>\n<!-- \/ Yoast SEO plugin. -->","yoast_head_json":{"title":"S\u00e5dan definerer du samtykkeform\u00e5l i et digitalt samtykke","description":"L\u00e6r at skrive klare, specifikke samtykkeform\u00e5l, hvordan interne form\u00e5l fungerer, og hvordan form\u00e5lstekst forbedrer s\u00f8gning og compliant brug af medier.","robots":{"index":"index","follow":"follow","max-snippet":"max-snippet:-1","max-image-preview":"max-image-preview:large","max-video-preview":"max-video-preview:-1"},"canonical":"https:\/\/www.skyfish.com\/da\/hjaelpecenter\/samtykkehaandtering\/digitale-samtykker\/saadan-indtaster-du-formaal-i-et-digitalt-samtykke","og_locale":"da_DK","og_type":"article","og_title":"S\u00e5dan definerer du samtykkeform\u00e5l i et digitalt samtykke","og_description":"L\u00e6r at skrive klare, specifikke samtykkeform\u00e5l, hvordan interne form\u00e5l fungerer, og hvordan form\u00e5lstekst forbedrer s\u00f8gning og compliant brug af medier.","og_url":"https:\/\/www.skyfish.com\/da\/hjaelpecenter\/samtykkehaandtering\/digitale-samtykker\/saadan-indtaster-du-formaal-i-et-digitalt-samtykke","og_site_name":"Skyfish","article_modified_time":"2025-12-01T14:12:11+00:00","twitter_card":"summary_large_image","twitter_misc":{"Estimeret l\u00e6setid":"3 minutter"},"schema":{"@context":"https:\/\/schema.org","@graph":[{"@type":"WebPage","@id":"https:\/\/www.skyfish.com\/da\/hjaelpecenter\/samtykkehaandtering\/digitale-samtykker\/saadan-indtaster-du-formaal-i-et-digitalt-samtykke","url":"https:\/\/www.skyfish.com\/da\/hjaelpecenter\/samtykkehaandtering\/digitale-samtykker\/saadan-indtaster-du-formaal-i-et-digitalt-samtykke","name":"S\u00e5dan definerer du samtykkeform\u00e5l i et digitalt samtykke","isPartOf":{"@id":"https:\/\/www.skyfish.com\/da#website"},"datePublished":"2025-11-25T15:18:40+00:00","dateModified":"2025-12-01T14:12:11+00:00","description":"L\u00e6r at skrive klare, specifikke samtykkeform\u00e5l, hvordan interne form\u00e5l fungerer, og hvordan form\u00e5lstekst forbedrer s\u00f8gning og compliant brug af medier.","breadcrumb":{"@id":"https:\/\/www.skyfish.com\/da\/hjaelpecenter\/samtykkehaandtering\/digitale-samtykker\/saadan-indtaster-du-formaal-i-et-digitalt-samtykke#breadcrumb"},"inLanguage":"da-DK","potentialAction":[{"@type":"ReadAction","target":["https:\/\/www.skyfish.com\/da\/hjaelpecenter\/samtykkehaandtering\/digitale-samtykker\/saadan-indtaster-du-formaal-i-et-digitalt-samtykke"]}]},{"@type":"BreadcrumbList","@id":"https:\/\/www.skyfish.com\/da\/hjaelpecenter\/samtykkehaandtering\/digitale-samtykker\/saadan-indtaster-du-formaal-i-et-digitalt-samtykke#breadcrumb","itemListElement":[{"@type":"ListItem","position":1,"name":"Homepage","item":"https:\/\/www.skyfish.com\/da"},{"@type":"ListItem","position":2,"name":"Hj\u00e6lpecenter","item":"https:\/\/www.skyfish.com\/da\/hjaelpecenter"},{"@type":"ListItem","position":3,"name":"Hj\u00e6lpecenteret for samtykkeh\u00e5ndtering","item":"https:\/\/www.skyfish.com\/da\/hjaelpecenter\/samtykkehaandtering"},{"@type":"ListItem","position":4,"name":"Digitale samtykker","item":"https:\/\/www.skyfish.com\/da\/hjaelpecenter\/samtykkehaandtering\/digitale-samtykker"},{"@type":"ListItem","position":5,"name":"S\u00e5dan indtaster du et \u201cform\u00e5l\u201d i et digitalt samtykke"}]},{"@type":"WebSite","@id":"https:\/\/www.skyfish.com\/da#website","url":"https:\/\/www.skyfish.com\/da","name":"Skyfish","description":"Your image management solution of choise","publisher":{"@id":"https:\/\/www.skyfish.com\/da#organization"},"potentialAction":[{"@type":"SearchAction","target":{"@type":"EntryPoint","urlTemplate":"https:\/\/www.skyfish.com\/da?s={search_term_string}"},"query-input":{"@type":"PropertyValueSpecification","valueRequired":true,"valueName":"search_term_string"}}],"inLanguage":"da-DK"},{"@type":"Organization","@id":"https:\/\/www.skyfish.com\/da#organization","name":"Skyfish","url":"https:\/\/www.skyfish.com\/da","logo":{"@type":"ImageObject","inLanguage":"da-DK","@id":"https:\/\/www.skyfish.com\/da#\/schema\/logo\/image\/","url":"","contentUrl":"","caption":"Skyfish"},"image":{"@id":"https:\/\/www.skyfish.com\/da#\/schema\/logo\/image\/"}}]}},"_links":{"self":[{"href":"https:\/\/www.skyfish.com\/da\/wp-json\/wp\/v2\/pages\/11708","targetHints":{"allow":["GET"]}}],"collection":[{"href":"https:\/\/www.skyfish.com\/da\/wp-json\/wp\/v2\/pages"}],"about":[{"href":"https:\/\/www.skyfish.com\/da\/wp-json\/wp\/v2\/types\/page"}],"author":[{"embeddable":true,"href":"https:\/\/www.skyfish.com\/da\/wp-json\/wp\/v2\/users\/7"}],"replies":[{"embeddable":true,"href":"https:\/\/www.skyfish.com\/da\/wp-json\/wp\/v2\/comments?post=11708"}],"version-history":[{"count":15,"href":"https:\/\/www.skyfish.com\/da\/wp-json\/wp\/v2\/pages\/11708\/revisions"}],"predecessor-version":[{"id":12412,"href":"https:\/\/www.skyfish.com\/da\/wp-json\/wp\/v2\/pages\/11708\/revisions\/12412"}],"up":[{"embeddable":true,"href":"https:\/\/www.skyfish.com\/da\/wp-json\/wp\/v2\/pages\/10876"}],"wp:attachment":[{"href":"https:\/\/www.skyfish.com\/da\/wp-json\/wp\/v2\/media?parent=11708"}],"curies":[{"name":"wp","href":"https:\/\/api.w.org\/{rel}","templated":true}]}}